{"id":43,"date":"2023-09-14T16:38:22","date_gmt":"2023-09-14T16:38:22","guid":{"rendered":"https:\/\/salesdelmarmenor.es\/?page_id=43"},"modified":"2025-07-21T07:05:09","modified_gmt":"2025-07-21T07:05:09","slug":"locion-balsamica","status":"publish","type":"page","link":"https:\/\/salesdelmarmenor.es\/?page_id=43","title":{"rendered":"Loci\u00f3n Bals\u00e1mica"},"content":{"rendered":"\n<div data-aos= \"zoom-in\" data-aos-duration=\"400\" data-aos-delay=\"0\" data-aos-easing=\"ease\" data-aos-once=\"true\" class=\"wp-block-uagb-image uagb-block-f3d140f0 wp-block-uagb-image--layout-default wp-block-uagb-image--effect-zoomin wp-block-uagb-image--align-none\"><figure class=\"wp-block-uagb-image__figure\"><img decoding=\"async\" srcset=\"https:\/\/salesdelmarmenor.es\/wp-content\/uploads\/2023\/09\/Elementos-18-1024x243.jpg \" sizes=\"auto, (max-width: 480px) 150px\" src=\"https:\/\/salesdelmarmenor.es\/wp-content\/uploads\/2023\/09\/Elementos-18-1024x243.jpg\" alt=\"\" class=\"uag-image-161\" width=\"1024\" height=\"243\" title=\"\" loading=\"lazy\"\/><\/figure><\/div>\n\n\n\n<div style=\"height:52px\" aria-hidden=\"true\" class=\"wp-block-spacer\"><\/div>\n\n\n\n<div class=\"wp-block-columns are-vertically-aligned-center is-layout-flex wp-container-core-columns-is-layout-9d6595d7 wp-block-columns-is-layout-flex\">\n<div class=\"wp-block-column is-vertically-aligned-center is-layout-flow wp-block-column-is-layout-flow\"><\/div>\n<\/div>\n\n\n\n<p class=\"has-text-align-center has-text-color has-link-color has-large-font-size wp-elements-7c257fed838d298ff79e7b0b02463eec\" style=\"color:#d53a8f\"><strong>LOCI\u00d3N BALS\u00c1MICA<\/strong><\/p>\n\n\n\n<div style=\"height:15px\" aria-hidden=\"true\" class=\"wp-block-spacer\"><\/div>\n\n\n\n<p class=\"has-text-align-center has-text-color has-link-color has-large-font-size wp-elements-4ff9d110b1bdead0319c4315ad72bb26\" style=\"color:#1f6c98\">LODOTHERM<\/p>\n\n\n\n<div style=\"height:20px\" aria-hidden=\"true\" class=\"wp-block-spacer\"><\/div>\n\n\n\n<p class=\"has-text-align-center has-text-color has-link-color has-medium-font-size wp-elements-4e7f541491b1142b96fbbd064face8c8\" style=\"color:#d53a8f\"><strong>BALSAMIC LOTION<\/strong><\/p>\n\n\n\n<div style=\"height:15px\" aria-hidden=\"true\" class=\"wp-block-spacer\"><\/div>\n\n\n\n<div class=\"wp-block-columns are-vertically-aligned-center is-layout-flex wp-container-core-columns-is-layout-9d6595d7 wp-block-columns-is-layout-flex\">\n<div class=\"wp-block-column is-vertically-aligned-center is-layout-flow wp-block-column-is-layout-flow\">\n<div data-aos= \"zoom-in\" data-aos-duration=\"400\" data-aos-delay=\"0\" data-aos-easing=\"ease\" data-aos-once=\"true\" class=\"wp-block-uagb-image aligncenter uagb-block-60c42e86 wp-block-uagb-image--layout-default wp-block-uagb-image--effect-zoomin wp-block-uagb-image--align-center\"><figure class=\"wp-block-uagb-image__figure\"><img decoding=\"async\" srcset=\"https:\/\/salesdelmarmenor.es\/wp-content\/uploads\/2023\/09\/Elementos-locion-16-1167x1536-1.png \" sizes=\"auto, (max-width: 480px) 150px\" src=\"https:\/\/salesdelmarmenor.es\/wp-content\/uploads\/2023\/09\/Elementos-locion-16-1167x1536-1.png\" alt=\"\" class=\"uag-image-163\" width=\"1167\" height=\"1536\" title=\"\" loading=\"lazy\"\/><\/figure><\/div>\n\n\n\n<p class=\"has-text-align-left has-medium-font-size\"><strong>ALIVIO EFICAZ DE LA RIGIDEZ ARTICULAR Y DOLOR MUSCULAR<\/strong><\/p>\n\n\n\n<div style=\"height:25px\" aria-hidden=\"true\" class=\"wp-block-spacer\"><\/div>\n\n\n\n<p class=\"has-text-align-left has-medium-font-size\">Loci\u00f3n bals\u00e1mica que combina hidrataci\u00f3n, activaci\u00f3n circulatoria y beneficios reafirmantes gracias a su mezcla de lodo marino y sal del Mar Menor, extractos de algas y agentes estimulantes.<\/p>\n\n\n\n<p class=\"has-text-align-left has-medium-font-size\"><\/p>\n\n\n\n<div style=\"height:25px\" aria-hidden=\"true\" class=\"wp-block-spacer\"><\/div>\n\n\n\n<p class=\"has-text-align-left has-text-color has-link-color has-medium-font-size wp-elements-0120396a0cbcbf7c9c48dc94211da867\" style=\"color:#aa6389\">Es ideal para quienes buscan mejorar la textura y firmeza de la piel, especialmente en tratamientos reductores, anticelul\u00edticos o para aliviar la sensaci\u00f3n de piernas cansadas.<\/p>\n\n\n\n<div class=\"wp-block-uagb-image aligncenter uagb-block-fc5daece wp-block-uagb-image--layout-default wp-block-uagb-image--effect-static wp-block-uagb-image--align-center\"><figure class=\"wp-block-uagb-image__figure\"><img decoding=\"async\" srcset=\"https:\/\/salesdelmarmenor.es\/wp-content\/uploads\/2023\/09\/Elementos-17-1024x127.png \" sizes=\"auto, (max-width: 480px) 150px\" src=\"https:\/\/salesdelmarmenor.es\/wp-content\/uploads\/2023\/09\/Elementos-17-1024x127.png\" alt=\"\" class=\"uag-image-170\" width=\"1024\" height=\"127\" title=\"\" loading=\"lazy\"\/><\/figure><\/div>\n\n\n\n<p class=\"has-text-align-left has-text-color has-link-color has-medium-font-size wp-elements-ad0707fdacd0bf0b9bc9e7464e1302b7\" style=\"color:#aa6389\"><\/p>\n\n\n\n<p class=\"has-text-align-left has-text-color has-link-color has-medium-font-size wp-elements-ad0707fdacd0bf0b9bc9e7464e1302b7\" style=\"color:#aa6389\"><\/p>\n<\/div>\n\n\n\n<div class=\"wp-block-column is-vertically-aligned-center is-layout-flow wp-block-column-is-layout-flow\">\n<div style=\"height:19px\" aria-hidden=\"true\" class=\"wp-block-spacer\"><\/div>\n\n\n\n<p class=\"has-text-color has-medium-font-size\" style=\"color:#aa6389\">\u00bfQu\u00e9 es?<\/p>\n\n\n\n<p>Loci\u00f3n bals\u00e1mica que hidrata, reafirma, tonifica y mejora la apariencia de la piel con lodo marino y sal del Mar Menor, extractos de algas y agentes estimulantes como el Capsicum Frutescens y Menthyl Lactate.<br>Mejora la hidrataci\u00f3n, firmeza y circulaci\u00f3n de la piel, ideal para tratamientos corporales reafirmantes y reductores o para aliviar las piernas cansadas.<\/p>\n\n\n\n<div style=\"height:20px\" aria-hidden=\"true\" class=\"wp-block-spacer\"><\/div>\n\n\n\n<p class=\"has-text-color has-medium-font-size\" style=\"color:#aa6389\">Recomendado para&#8230;<\/p>\n\n\n\n<p>Tratamientos reafirmantes y tonificantes.<br>Alivio de piernas cansadas o con mala circulaci\u00f3n. Aliviar rigidez articular y dolor muscular.<br>Piel deshidratada o con falta de elasticidad.<br>Personas con celulitis o retenci\u00f3n de l\u00edquidos. Cuidado corporal en masajes drenantes o reductores.<\/p>\n\n\n\n<div style=\"height:20px\" aria-hidden=\"true\" class=\"wp-block-spacer\"><\/div>\n\n\n\n<p class=\"has-text-color has-medium-font-size\" style=\"color:#aa6389\">Beneficios<\/p>\n\n\n\n<p>Relajante y revitalizante: Ideal para aliviar la sensaci\u00f3n de piernas cansadas.<br>Activadora de la microcirculaci\u00f3n: Su efecto fr\u00edo-calor favorece la oxigenaci\u00f3n celular.<br>Hidratante: Mantiene la piel suave y protegida contra la sequedad.<br>Reafirmante: Mejora la elasticidad y tonicidad de la piel.<br>Drenante y detoxificante: Los extractos de algas estimulan la eliminaci\u00f3n de l\u00edquidos y toxinas.<\/p>\n\n\n\n<div style=\"height:20px\" aria-hidden=\"true\" class=\"wp-block-spacer\"><\/div>\n\n\n\n<p class=\"has-text-color has-medium-font-size\" style=\"color:#aa6389\">\u00bfC\u00f3mo se utiliza?<\/p>\n\n\n\n<p>Aplicar sobre la piel limpia y seca.<br>Masajear con movimientos circulares hasta su completa absorci\u00f3n.<br>Para tratamientos reafirmantes o anticelul\u00edticos, se recomienda usar dos veces al d\u00eda, especialmente en zonas como piernas, abdomen y brazos.<\/p>\n\n\n\n<div style=\"height:20px\" aria-hidden=\"true\" class=\"wp-block-spacer\"><\/div>\n\n\n\n<p class=\"has-text-color has-medium-font-size\" style=\"color:#aa6389\">Consejos<\/p>\n\n\n\n<p>Uso externo.<br>Ev\u00edtese el contacto con los ojos y en caso de accidente, lave abundantemente con agua. No aplicar sobre heridas, ojos y mucosas.<br>No Ingerir.<\/p>\n\n\n\n<div style=\"height:20px\" aria-hidden=\"true\" class=\"wp-block-spacer\"><\/div>\n\n\n\n<p class=\"has-text-color has-medium-font-size\" style=\"color:#aa6389\">Principios activos<\/p>\n\n\n\n<p>Lodos y sales del Mar Menor, extracto de capsicum frutescens, extractos de algas marinas, menthyl lactate.<\/p>\n<\/div>\n<\/div>\n","protected":false},"excerpt":{"rendered":"<p>LOCI\u00d3N BALS\u00c1MICA LODOTHERM BALSAMIC LOTION ALIVIO EFICAZ DE LA RIGIDEZ ARTICULAR Y DOLOR MUSCULAR Loci\u00f3n bals\u00e1mica que combina hidrataci\u00f3n, activaci\u00f3n circulatoria y beneficios reafirmantes gracias a su mezcla de lodo marino y sal del Mar Menor, extractos de algas y agentes estimulantes. Es ideal para quienes buscan mejorar la textura y firmeza de la piel, [&hellip;]<\/p>\n","protected":false},"author":1,"featured_media":0,"parent":0,"menu_order":0,"comment_status":"closed","ping_status":"closed","template":"","meta":{"_uag_custom_page_level_css":"","footnotes":""},"class_list":["post-43","page","type-page","status-publish","hentry"],"uagb_featured_image_src":{"full":false,"thumbnail":false,"medium":false,"medium_large":false,"large":false,"1536x1536":false,"2048x2048":false},"uagb_author_info":{"display_name":"admin","author_link":"https:\/\/salesdelmarmenor.es\/?author=1"},"uagb_comment_info":0,"uagb_excerpt":"LOCI\u00d3N BALS\u00c1MICA LODOTHERM BALSAMIC LOTION ALIVIO EFICAZ DE LA RIGIDEZ ARTICULAR Y DOLOR MUSCULAR Loci\u00f3n bals\u00e1mica que combina hidrataci\u00f3n, activaci\u00f3n circulatoria y beneficios reafirmantes gracias a su mezcla de lodo marino y sal del Mar Menor, extractos de algas y agentes estimulantes. Es ideal para quienes buscan mejorar la textura y firmeza de la piel,&hellip;","_links":{"self":[{"href":"https:\/\/salesdelmarmenor.es\/index.php?rest_route=\/wp\/v2\/pages\/43","targetHints":{"allow":["GET"]}}],"collection":[{"href":"https:\/\/salesdelmarmenor.es\/index.php?rest_route=\/wp\/v2\/pages"}],"about":[{"href":"https:\/\/salesdelmarmenor.es\/index.php?rest_route=\/wp\/v2\/types\/page"}],"author":[{"embeddable":true,"href":"https:\/\/salesdelmarmenor.es\/index.php?rest_route=\/wp\/v2\/users\/1"}],"replies":[{"embeddable":true,"href":"https:\/\/salesdelmarmenor.es\/index.php?rest_route=%2Fwp%2Fv2%2Fcomments&post=43"}],"version-history":[{"count":22,"href":"https:\/\/salesdelmarmenor.es\/index.php?rest_route=\/wp\/v2\/pages\/43\/revisions"}],"predecessor-version":[{"id":936,"href":"https:\/\/salesdelmarmenor.es\/index.php?rest_route=\/wp\/v2\/pages\/43\/revisions\/936"}],"wp:attachment":[{"href":"https:\/\/salesdelmarmenor.es\/index.php?rest_route=%2Fwp%2Fv2%2Fmedia&parent=43"}],"curies":[{"name":"wp","href":"https:\/\/api.w.org\/{rel}","templated":true}]}}