{"id":47,"date":"2023-09-14T16:38:52","date_gmt":"2023-09-14T16:38:52","guid":{"rendered":"https:\/\/salesdelmarmenor.es\/?page_id=47"},"modified":"2025-07-21T08:19:43","modified_gmt":"2025-07-21T08:19:43","slug":"corporales","status":"publish","type":"page","link":"https:\/\/salesdelmarmenor.es\/?page_id=47","title":{"rendered":"Corporales"},"content":{"rendered":"\n<div data-aos= \"zoom-in\" data-aos-duration=\"400\" data-aos-delay=\"0\" data-aos-easing=\"ease\" data-aos-once=\"true\" class=\"wp-block-uagb-image uagb-block-f3d140f0 wp-block-uagb-image--layout-default wp-block-uagb-image--effect-zoomin wp-block-uagb-image--align-none\"><figure class=\"wp-block-uagb-image__figure\"><img decoding=\"async\" srcset=\"https:\/\/salesdelmarmenor.es\/wp-content\/uploads\/2023\/09\/Elementos-20-2048x486-1-1024x243.png \" sizes=\"auto, (max-width: 480px) 150px\" src=\"https:\/\/salesdelmarmenor.es\/wp-content\/uploads\/2023\/09\/Elementos-20-2048x486-1-1024x243.png\" alt=\"\" class=\"uag-image-198\" width=\"1024\" height=\"243\" title=\"\" loading=\"lazy\"\/><\/figure><\/div>\n\n\n\n<div style=\"height:52px\" aria-hidden=\"true\" class=\"wp-block-spacer\"><\/div>\n\n\n\n<p class=\"has-text-align-center has-text-color has-link-color has-large-font-size wp-elements-c224811b25496861dfcdd1bd13e95de4\" style=\"color:#80711d\">CHAMP\u00da LODOCARE<\/p>\n\n\n\n<div style=\"height:15px\" aria-hidden=\"true\" class=\"wp-block-spacer\"><\/div>\n\n\n\n<p class=\"has-text-align-center has-text-color has-link-color has-medium-font-size wp-elements-c541df98c6370ff68ec54a3831bb50f7\" style=\"color:#1f6c98\">LODOCARE SHAMPOO<\/p>\n\n\n\n<div style=\"height:25px\" aria-hidden=\"true\" class=\"wp-block-spacer\"><\/div>\n\n\n\n<div class=\"wp-block-columns are-vertically-aligned-center is-layout-flex wp-container-core-columns-is-layout-9d6595d7 wp-block-columns-is-layout-flex\">\n<div class=\"wp-block-column is-vertically-aligned-center is-layout-flow wp-block-column-is-layout-flow\">\n<div data-aos= \"zoom-in\" data-aos-duration=\"400\" data-aos-delay=\"0\" data-aos-easing=\"ease\" data-aos-once=\"true\" class=\"wp-block-uagb-image aligncenter uagb-block-c265934a wp-block-uagb-image--layout-default wp-block-uagb-image--effect-zoomin wp-block-uagb-image--align-center\"><figure class=\"wp-block-uagb-image__figure\"><img decoding=\"async\" srcset=\"https:\/\/salesdelmarmenor.es\/wp-content\/uploads\/2025\/07\/Elementos-16-Champu-491x1024.png \" sizes=\"auto, (max-width: 480px) 150px\" src=\"https:\/\/salesdelmarmenor.es\/wp-content\/uploads\/2025\/07\/Elementos-16-Champu-491x1024.png\" alt=\"\" class=\"uag-image-719\" width=\"297\" height=\"619\" title=\"\" loading=\"lazy\"\/><\/figure><\/div>\n\n\n\n<div style=\"height:25px\" aria-hidden=\"true\" class=\"wp-block-spacer\"><\/div>\n\n\n\n<p class=\"has-text-align-left has-medium-font-size\">REPARADOR Y NUTRITIVO<\/p>\n\n\n\n<div style=\"height:25px\" aria-hidden=\"true\" class=\"wp-block-spacer\"><\/div>\n\n\n\n<p class=\"has-text-align-left has-medium-font-size\">Champ\u00fa con lodos y sales del Mar Menor y extractos marinos ofrece una limpieza eficaz mientras hidrata y fortalece el cabello.<\/p>\n\n\n\n<p class=\"has-text-align-left has-medium-font-size\"><\/p>\n\n\n\n<div style=\"height:25px\" aria-hidden=\"true\" class=\"wp-block-spacer\"><\/div>\n\n\n\n<p class=\"has-text-align-left has-text-color has-link-color has-medium-font-size wp-elements-bfa4157db34362ae4ff554cdfb0ff94a\" style=\"color:#0a669c\">Su f\u00f3rmula rica en minerales y prote\u00ednas lo convierte en un aliado ideal para quienes buscan revitalizar su cabello sin comprometer su salud capilar.<\/p>\n\n\n\n<p class=\"has-text-align-left has-text-color has-link-color has-medium-font-size wp-elements-ad0707fdacd0bf0b9bc9e7464e1302b7\" style=\"color:#aa6389\"><\/p>\n\n\n\n<p class=\"has-text-align-left has-text-color has-link-color has-medium-font-size wp-elements-ad0707fdacd0bf0b9bc9e7464e1302b7\" style=\"color:#aa6389\"><\/p>\n<\/div>\n\n\n\n<div class=\"wp-block-column is-vertically-aligned-center is-layout-flow wp-block-column-is-layout-flow\">\n<div style=\"height:19px\" aria-hidden=\"true\" class=\"wp-block-spacer\"><\/div>\n\n\n\n<p class=\"has-text-color has-medium-font-size\" style=\"color:#0a669c\">\u00bfQu\u00e9 es?<\/p>\n\n\n\n<p>Champ\u00fa que limpia suavemente, hidrata, fortalece y protege al cabello.<br>Su combinaci\u00f3n de tensioactivos suaves y agentes acondicionadores lo hace ideal para el cuidado del cuero cabelludo y el cabello.<br>Debido al efecto del lodo marino y las sales del Mar Menor regenera el cuero cabelludo mediante la desinfecci\u00f3n, cicatrizaci\u00f3n aumentando la elasticidad y la circulaci\u00f3n sangu\u00ednea aportando una sensaci\u00f3n de bienestar y relajaci\u00f3n.<br>Adecuado para todo tipo de cabello, especialmente para cabello debilitado o con tendencia a la deshidrataci\u00f3n.<\/p>\n\n\n\n<div style=\"height:20px\" aria-hidden=\"true\" class=\"wp-block-spacer\"><\/div>\n\n\n\n<p class=\"has-text-color has-medium-font-size\" style=\"color:#0a669c\">Recomendado para&#8230;<\/p>\n\n\n\n<p>Cabello seco o deshidratado que necesita nutrici\u00f3n.<br>Cuero cabelludo sensible o con tendencia a la irritaci\u00f3n.<br>Cabello da\u00f1ado por tratamientos qu\u00edmicos o calor.<br>Personas que buscan un champ\u00fa con ingredientes marinos revitalizantes.<br>Recomendado para todo tipo de cabellos, especialmente los secos y castigados ya que aumenta la elasticidad y fortalece las ra\u00edces.<br>Adem\u00e1s, desinfecta, cicatriza y relaja.<br>Mejora el cabello por regeneraci\u00f3n del cuero cabelludo y fortalecimiento de las ra\u00edces.<\/p>\n\n\n\n<div style=\"height:20px\" aria-hidden=\"true\" class=\"wp-block-spacer\"><\/div>\n\n\n\n<p class=\"has-text-color has-medium-font-size\" style=\"color:#0a669c\">Beneficios<\/p>\n\n\n\n<p>Fortalecimiento de las ra\u00edces.<br>Aumenta la elasticidad del cabello.<br>Desinfecta y cicatriza.<br>Hidrata y protege el cabello.<\/p>\n\n\n\n<div style=\"height:20px\" aria-hidden=\"true\" class=\"wp-block-spacer\"><\/div>\n\n\n\n<p class=\"has-text-color has-medium-font-size\" style=\"color:#0a669c\">\u00bfC\u00f3mo se utiliza?<\/p>\n\n\n\n<p>Agitar bien el champ\u00fa antes de usar.<br>Aplicar sobre el cabello mojado y masajear suavemente hasta formar espuma. Dejar actuar durante unos minutos para permitir la absorci\u00f3n de los nutrientes. Enjuagar bien y repetir. Aclarar con agua.<\/p>\n\n\n\n<div style=\"height:20px\" aria-hidden=\"true\" class=\"wp-block-spacer\"><\/div>\n\n\n\n<p class=\"has-text-color has-medium-font-size\" style=\"color:#0a669c\">Consejos<\/p>\n\n\n\n<p>No utilizar en zonas delicadas como ojos, mucosas, etc. No Ingerir.<\/p>\n\n\n\n<div style=\"height:20px\" aria-hidden=\"true\" class=\"wp-block-spacer\"><\/div>\n\n\n\n<p class=\"has-text-color has-medium-font-size\" style=\"color:#0a669c\">Principios activos<\/p>\n\n\n\n<p>Lodos y sales del Mar Menor, agua termal, extractos de algas marinas, prote\u00edna de seda hidrolizada, glicerina.<\/p>\n<\/div>\n<\/div>\n\n\n\n<div class=\"wp-block-uagb-separator uagb-block-ed0f5723 wp-block-uagb-separator--icon\"><div class=\"wp-block-uagb-separator__inner\" style=\"--my-background-image:\"><div class=\"wp-block-uagb-separator-element\"><svg xmlns=\"https:\/\/www.w3.org\/2000\/svg\" viewBox=\"0 0 576 512\"><path d=\"M568.3 192c-29 .125-135 6.124-213.9 82.1C321.2 304.7 301 338.3 288 369.9c-13-31.63-33.25-65.25-66.38-94.87C142.8 198.2 36.75 192.2 7.75 192C3.375 192 0 195.4 0 199.9c.25 27.88 7.125 126.2 88.75 199.3C172.8 481 256 479.1 288 479.1s115.2 1.025 199.3-80.85C568.9 326 575.8 227.7 576 199.9C576 195.4 572.6 192 568.3 192zM288 302.6c12.75-18.87 27.62-35.75 44.13-50.5c19-18.62 39.5-33.37 60.25-45.25c-16.5-70.5-51.75-133-96.75-172.3c-4.125-3.5-11-3.5-15.12 0c-45 39.25-80.25 101.6-96.75 172.1c20.37 11.75 40.5 26.12 59.25 44.37C260 266.4 275.1 283.7 288 302.6z\"><\/path><\/svg><\/div><\/div><\/div>\n\n\n\n<div style=\"height:50px\" aria-hidden=\"true\" class=\"wp-block-spacer\"><\/div>\n\n\n\n<p class=\"has-text-align-center has-text-color has-link-color has-large-font-size wp-elements-7e9a337e923e3790816d09d808414f7c\" style=\"color:#acae13\">GEL DE BA\u00d1O LODOCARE<\/p>\n\n\n\n<div style=\"height:15px\" aria-hidden=\"true\" class=\"wp-block-spacer\"><\/div>\n\n\n\n<p class=\"has-text-align-center has-text-color has-link-color has-medium-font-size wp-elements-8bbb62ee70e00f56efacf66169962b07\" style=\"color:#1f6c98\"><strong>LODOCARE BATH GEL<\/strong><\/p>\n\n\n\n<div style=\"height:25px\" aria-hidden=\"true\" class=\"wp-block-spacer\"><\/div>\n\n\n\n<div class=\"wp-block-columns are-vertically-aligned-center is-layout-flex wp-container-core-columns-is-layout-9d6595d7 wp-block-columns-is-layout-flex\">\n<div class=\"wp-block-column is-vertically-aligned-center is-layout-flow wp-block-column-is-layout-flow\">\n<div data-aos= \"zoom-in\" data-aos-duration=\"400\" data-aos-delay=\"0\" data-aos-easing=\"ease\" data-aos-once=\"true\" class=\"wp-block-uagb-image aligncenter uagb-block-f4c81562 wp-block-uagb-image--layout-default wp-block-uagb-image--effect-zoomin wp-block-uagb-image--align-center\"><figure class=\"wp-block-uagb-image__figure\"><img decoding=\"async\" srcset=\"https:\/\/salesdelmarmenor.es\/wp-content\/uploads\/2023\/09\/Elementos-13-Gel-490x1024.png \" sizes=\"auto, (max-width: 480px) 150px\" src=\"https:\/\/salesdelmarmenor.es\/wp-content\/uploads\/2023\/09\/Elementos-13-Gel-490x1024.png\" alt=\"\" class=\"uag-image-190\" width=\"297\" height=\"619\" title=\"\" loading=\"lazy\"\/><\/figure><\/div>\n\n\n\n<div style=\"height:25px\" aria-hidden=\"true\" class=\"wp-block-spacer\"><\/div>\n\n\n\n<p class=\"has-text-align-left has-medium-font-size\">HIDRATA, TONIFICA Y REVITALIZA TU PIEL<\/p>\n\n\n\n<div style=\"height:25px\" aria-hidden=\"true\" class=\"wp-block-spacer\"><\/div>\n\n\n\n<p class=\"has-text-align-left has-medium-font-size\">Gel de ba\u00f1o que combina los lodos y sales del Mar Menor, extractos marinos e ingredientes hidratantes, ofreciendo una limpieza efectiva sin resecar.<\/p>\n\n\n\n<p class=\"has-text-align-left has-medium-font-size\"><\/p>\n\n\n\n<div style=\"height:25px\" aria-hidden=\"true\" class=\"wp-block-spacer\"><\/div>\n\n\n\n<p class=\"has-text-align-left has-text-color has-link-color has-medium-font-size wp-elements-c3c11ab4a51e6b14275326459a22b1bd\" style=\"color:#acae13\">Su uso diario revitaliza la piel, la hidrata y la deja suave y fresca, proporcionando una sensaci\u00f3n de bienestar y renovaci\u00f3n tras cada ducha.<\/p>\n\n\n\n<p class=\"has-text-align-left has-text-color has-link-color has-medium-font-size wp-elements-ad0707fdacd0bf0b9bc9e7464e1302b7\" style=\"color:#aa6389\"><\/p>\n\n\n\n<p class=\"has-text-align-left has-text-color has-link-color has-medium-font-size wp-elements-ad0707fdacd0bf0b9bc9e7464e1302b7\" style=\"color:#aa6389\"><\/p>\n<\/div>\n\n\n\n<div class=\"wp-block-column is-vertically-aligned-center is-layout-flow wp-block-column-is-layout-flow\">\n<p class=\"has-text-color has-medium-font-size\" style=\"color:#acae13\">\u00bfQu\u00e9 es?<\/p>\n\n\n\n<p>Gel de ba\u00f1o formulado con lodos y sales del Mar Menor y extractos marinos, dise\u00f1ado para limpiar, hidratar y revitalizar la piel.<br>Gracias a sus agentes limpiadores suaves y su alto contenido en minerales y antioxidantes, proporciona una experiencia refrescante y nutritiva para la piel.<\/p>\n\n\n\n<div style=\"height:20px\" aria-hidden=\"true\" class=\"wp-block-spacer\"><\/div>\n\n\n\n<p class=\"has-text-color has-medium-font-size\" style=\"color:#acae13\">Recomendado para&#8230;<\/p>\n\n\n\n<p>Piel seca o deshidratada que necesita hidrataci\u00f3n extra.<br>Pieles sensibles que buscan una limpieza suave sin irritaciones.<br>Personas que desean una experiencia revitalizante y mineralizante en su rutina de ba\u00f1o. Ideal para despu\u00e9s del ejercicio, ya que ayuda a refrescar y recuperar la piel.<\/p>\n\n\n\n<div style=\"height:20px\" aria-hidden=\"true\" class=\"wp-block-spacer\"><\/div>\n\n\n\n<p class=\"has-text-color has-medium-font-size\" style=\"color:#acae13\">Beneficios<\/p>\n\n\n\n<p>Limpieza eficaz y respetuosa.<br>Hidrataci\u00f3n y suavidad. Revitalizaci\u00f3n y cuidado de la piel.<br>Protecci\u00f3n y sensaci\u00f3n refrescante.<\/p>\n\n\n\n<div style=\"height:20px\" aria-hidden=\"true\" class=\"wp-block-spacer\"><\/div>\n\n\n\n<p class=\"has-text-color has-medium-font-size\" style=\"color:#acae13\">\u00bfC\u00f3mo se utiliza?<\/p>\n\n\n\n<p>Agitar bien antes de usar.<br>Aplicar con un suave masaje hasta conseguir la espuma deseada.<br>Aclarar con abundante agua.<br>Uso diario en la ducha o en el ba\u00f1o.<\/p>\n\n\n\n<div style=\"height:20px\" aria-hidden=\"true\" class=\"wp-block-spacer\"><\/div>\n\n\n\n<p class=\"has-text-color has-medium-font-size\" style=\"color:#acae13\">Consejos<\/p>\n\n\n\n<p>Para mejores resultados, aplicar crema hidratante LODOCARE despu\u00e9s del ba\u00f1o.<\/p>\n\n\n\n<div style=\"height:20px\" aria-hidden=\"true\" class=\"wp-block-spacer\"><\/div>\n\n\n\n<p class=\"has-text-color has-medium-font-size\" style=\"color:#acae13\">Principios activos<\/p>\n\n\n\n<p>Lodos y sales del Mar Menor, agua termal, extracto de algas marinas, glicerina.<\/p>\n<\/div>\n<\/div>\n\n\n\n<div class=\"wp-block-uagb-separator uagb-block-2ae78770 wp-block-uagb-separator--icon\"><div class=\"wp-block-uagb-separator__inner\" style=\"--my-background-image:\"><div class=\"wp-block-uagb-separator-element\"><svg xmlns=\"https:\/\/www.w3.org\/2000\/svg\" viewBox=\"0 0 576 512\"><path d=\"M568.3 192c-29 .125-135 6.124-213.9 82.1C321.2 304.7 301 338.3 288 369.9c-13-31.63-33.25-65.25-66.38-94.87C142.8 198.2 36.75 192.2 7.75 192C3.375 192 0 195.4 0 199.9c.25 27.88 7.125 126.2 88.75 199.3C172.8 481 256 479.1 288 479.1s115.2 1.025 199.3-80.85C568.9 326 575.8 227.7 576 199.9C576 195.4 572.6 192 568.3 192zM288 302.6c12.75-18.87 27.62-35.75 44.13-50.5c19-18.62 39.5-33.37 60.25-45.25c-16.5-70.5-51.75-133-96.75-172.3c-4.125-3.5-11-3.5-15.12 0c-45 39.25-80.25 101.6-96.75 172.1c20.37 11.75 40.5 26.12 59.25 44.37C260 266.4 275.1 283.7 288 302.6z\"><\/path><\/svg><\/div><\/div><\/div>\n\n\n\n<div style=\"height:50px\" aria-hidden=\"true\" class=\"wp-block-spacer\"><\/div>\n\n\n\n<p class=\"has-text-align-center has-text-color has-link-color has-large-font-size wp-elements-2bde5f61a9adbf94afef53db92370e9e\" style=\"color:#aa6389\">CREMA CORPORAL\u00a0LODOCARE<\/p>\n\n\n\n<div style=\"height:15px\" aria-hidden=\"true\" class=\"wp-block-spacer\"><\/div>\n\n\n\n<p class=\"has-text-align-center has-text-color has-link-color has-medium-font-size wp-elements-360d225706977fc6d2c412d21f4c1d55\" style=\"color:#1f6c98\"><strong>LODOCARE BODY CREAM<\/strong><\/p>\n\n\n\n<div style=\"height:25px\" aria-hidden=\"true\" class=\"wp-block-spacer\"><\/div>\n\n\n\n<div class=\"wp-block-columns are-vertically-aligned-center is-layout-flex wp-container-core-columns-is-layout-9d6595d7 wp-block-columns-is-layout-flex\">\n<div class=\"wp-block-column is-vertically-aligned-center is-layout-flow wp-block-column-is-layout-flow\">\n<div data-aos= \"zoom-in\" data-aos-duration=\"400\" data-aos-delay=\"0\" data-aos-easing=\"ease\" data-aos-once=\"true\" class=\"wp-block-uagb-image aligncenter uagb-block-5d968a37 wp-block-uagb-image--layout-default wp-block-uagb-image--effect-zoomin wp-block-uagb-image--align-center\"><figure class=\"wp-block-uagb-image__figure\"><img decoding=\"async\" srcset=\"https:\/\/salesdelmarmenor.es\/wp-content\/uploads\/2023\/09\/Elementos-14-Crema.png \" sizes=\"auto, (max-width: 480px) 150px\" src=\"https:\/\/salesdelmarmenor.es\/wp-content\/uploads\/2023\/09\/Elementos-14-Crema.png\" alt=\"\" class=\"uag-image-193\" width=\"297\" height=\"619\" title=\"\" loading=\"lazy\"\/><\/figure><\/div>\n\n\n\n<div style=\"height:25px\" aria-hidden=\"true\" class=\"wp-block-spacer\"><\/div>\n\n\n\n<p class=\"has-text-align-left has-medium-font-size\">HIDRATA, REGENERA Y PROTEGE LA PIEL<\/p>\n\n\n\n<div style=\"height:25px\" aria-hidden=\"true\" class=\"wp-block-spacer\"><\/div>\n\n\n\n<p class=\"has-text-align-left has-medium-font-size\">La crema corporal con lodos y sales del Mar Menor, extractos marinos, aceite de almendras dulces y ceras naturales es una excelente opci\u00f3n para quienes buscan hidrataci\u00f3n profunda, protecci\u00f3n y regeneraci\u00f3n de la piel.<\/p>\n\n\n\n<p class=\"has-text-align-left has-medium-font-size\"><\/p>\n\n\n\n<div style=\"height:25px\" aria-hidden=\"true\" class=\"wp-block-spacer\"><\/div>\n\n\n\n<p class=\"has-text-align-left has-text-color has-link-color has-medium-font-size wp-elements-a2b1d9ed0acc679c81085749dabc894a\" style=\"color:#aa6389\">Su f\u00f3rmula equilibrada combina ingredientes naturales y antioxidantes que mantienen la piel saludable, luminosa y protegida de agresiones externas.<\/p>\n\n\n\n<p class=\"has-text-align-left has-text-color has-link-color has-medium-font-size wp-elements-ad0707fdacd0bf0b9bc9e7464e1302b7\" style=\"color:#aa6389\"><\/p>\n\n\n\n<p class=\"has-text-align-left has-text-color has-link-color has-medium-font-size wp-elements-ad0707fdacd0bf0b9bc9e7464e1302b7\" style=\"color:#aa6389\"><\/p>\n<\/div>\n\n\n\n<div class=\"wp-block-column is-vertically-aligned-center is-layout-flow wp-block-column-is-layout-flow\">\n<p class=\"has-text-color has-medium-font-size\" style=\"color:#aa6389\">\u00bfQu\u00e9 es?<\/p>\n\n\n\n<p>Esta crema corporal es un tratamiento completo para la piel, con beneficios cosm\u00e9ticos, est\u00e9ticos y terap\u00e9uticos.<br>Su f\u00f3rmula con lodos y sales del Mar Menor, agua termal, extractos marinos y aceites naturales la convierte en una aliada perfecta para mantener la piel hidratada, protegida y revitalizada en cualquier momento del d\u00eda.<\/p>\n\n\n\n<div style=\"height:20px\" aria-hidden=\"true\" class=\"wp-block-spacer\"><\/div>\n\n\n\n<p class=\"has-text-color has-medium-font-size\" style=\"color:#aa6389\">Recomendado para&#8230;<\/p>\n\n\n\n<p>Piel seca y deshidratada: Aporta hidrataci\u00f3n duradera.<br>Piel sensible o irritada: Su agua termal y aceites naturales calman y suavizan.<br>Piel madura: Los antioxidantes y minerales ayudan a mantener la elasticidad y firmeza.<br>Despu\u00e9s de la exposici\u00f3n solar: Gracias a su efecto calmante y regenerador.<\/p>\n\n\n\n<div style=\"height:20px\" aria-hidden=\"true\" class=\"wp-block-spacer\"><\/div>\n\n\n\n<p class=\"has-text-color has-medium-font-size\" style=\"color:#aa6389\">Beneficios<\/p>\n\n\n\n<p>Hidrataci\u00f3n profunda.<br>Regeneraci\u00f3n y protecci\u00f3n de la piel.<br>Calmante y equilibrante.<\/p>\n\n\n\n<div style=\"height:20px\" aria-hidden=\"true\" class=\"wp-block-spacer\"><\/div>\n\n\n\n<p class=\"has-text-color has-medium-font-size\" style=\"color:#aa6389\">\u00bfC\u00f3mo se utiliza?<\/p>\n\n\n\n<p>Extender una cantidad suficiente sobre la piel limpia y seca. Realizar movimientos circulares hasta su total absorci\u00f3n.<\/p>\n\n\n\n<div style=\"height:20px\" aria-hidden=\"true\" class=\"wp-block-spacer\"><\/div>\n\n\n\n<p class=\"has-text-color has-medium-font-size\" style=\"color:#aa6389\">Consejos<\/p>\n\n\n\n<p>Se recomienda usar diariamente, especialmente despu\u00e9s del ba\u00f1o o la exposici\u00f3n solar.<br>Para una hidrataci\u00f3n completa, se puede combinar con un s\u00e9rum o aceite corporal de Mar Menor.<\/p>\n\n\n\n<div style=\"height:20px\" aria-hidden=\"true\" class=\"wp-block-spacer\"><\/div>\n\n\n\n<p class=\"has-text-color has-medium-font-size\" style=\"color:#aa6389\">Principios activos<\/p>\n\n\n\n<p>Lodos y sales del Mar Menor, agua termal, extracto de algas marinas, aceite de almendra dulces, cera natural, cera blanca de abejas, glicerina, vitamina E.<\/p>\n<\/div>\n<\/div>\n","protected":false},"excerpt":{"rendered":"<p>CHAMP\u00da LODOCARE LODOCARE SHAMPOO REPARADOR Y NUTRITIVO Champ\u00fa con lodos y sales del Mar Menor y extractos marinos ofrece una limpieza eficaz mientras hidrata y fortalece el cabello. Su f\u00f3rmula rica en minerales y prote\u00ednas lo convierte en un aliado ideal para quienes buscan revitalizar su cabello sin comprometer su salud capilar. \u00bfQu\u00e9 es? Champ\u00fa [&hellip;]<\/p>\n","protected":false},"author":1,"featured_media":0,"parent":0,"menu_order":0,"comment_status":"closed","ping_status":"closed","template":"","meta":{"_uag_custom_page_level_css":"","footnotes":""},"class_list":["post-47","page","type-page","status-publish","hentry"],"uagb_featured_image_src":{"full":false,"thumbnail":false,"medium":false,"medium_large":false,"large":false,"1536x1536":false,"2048x2048":false},"uagb_author_info":{"display_name":"admin","author_link":"https:\/\/salesdelmarmenor.es\/?author=1"},"uagb_comment_info":0,"uagb_excerpt":"CHAMP\u00da LODOCARE LODOCARE SHAMPOO REPARADOR Y NUTRITIVO Champ\u00fa con lodos y sales del Mar Menor y extractos marinos ofrece una limpieza eficaz mientras hidrata y fortalece el cabello. Su f\u00f3rmula rica en minerales y prote\u00ednas lo convierte en un aliado ideal para quienes buscan revitalizar su cabello sin comprometer su salud capilar. \u00bfQu\u00e9 es? Champ\u00fa&hellip;","_links":{"self":[{"href":"https:\/\/salesdelmarmenor.es\/index.php?rest_route=\/wp\/v2\/pages\/47","targetHints":{"allow":["GET"]}}],"collection":[{"href":"https:\/\/salesdelmarmenor.es\/index.php?rest_route=\/wp\/v2\/pages"}],"about":[{"href":"https:\/\/salesdelmarmenor.es\/index.php?rest_route=\/wp\/v2\/types\/page"}],"author":[{"embeddable":true,"href":"https:\/\/salesdelmarmenor.es\/index.php?rest_route=\/wp\/v2\/users\/1"}],"replies":[{"embeddable":true,"href":"https:\/\/salesdelmarmenor.es\/index.php?rest_route=%2Fwp%2Fv2%2Fcomments&post=47"}],"version-history":[{"count":70,"href":"https:\/\/salesdelmarmenor.es\/index.php?rest_route=\/wp\/v2\/pages\/47\/revisions"}],"predecessor-version":[{"id":1005,"href":"https:\/\/salesdelmarmenor.es\/index.php?rest_route=\/wp\/v2\/pages\/47\/revisions\/1005"}],"wp:attachment":[{"href":"https:\/\/salesdelmarmenor.es\/index.php?rest_route=%2Fwp%2Fv2%2Fmedia&parent=47"}],"curies":[{"name":"wp","href":"https:\/\/api.w.org\/{rel}","templated":true}]}}