{"id":476,"date":"2024-06-21T11:08:26","date_gmt":"2024-06-21T11:08:26","guid":{"rendered":"https:\/\/salesdelmarmenor.es\/?page_id=476"},"modified":"2025-07-21T09:02:34","modified_gmt":"2025-07-21T09:02:34","slug":"champu-solido","status":"publish","type":"page","link":"https:\/\/salesdelmarmenor.es\/?page_id=476","title":{"rendered":"Champ\u00fa S\u00f3lido"},"content":{"rendered":"\n<div data-aos= \"zoom-in\" data-aos-duration=\"400\" data-aos-delay=\"0\" data-aos-easing=\"ease\" data-aos-once=\"true\" class=\"wp-block-uagb-image uagb-block-f3d140f0 wp-block-uagb-image--layout-default wp-block-uagb-image--effect-zoomin wp-block-uagb-image--align-none\"><figure class=\"wp-block-uagb-image__figure\"><img decoding=\"async\" srcset=\"https:\/\/salesdelmarmenor.es\/wp-content\/uploads\/2023\/09\/Elementos-b-33-1024x243.png \" sizes=\"auto, (max-width: 480px) 150px\" src=\"https:\/\/salesdelmarmenor.es\/wp-content\/uploads\/2023\/09\/Elementos-b-33-1024x243.png\" alt=\"\" class=\"uag-image-221\" width=\"1024\" height=\"243\" title=\"\" loading=\"lazy\"\/><\/figure><\/div>\n\n\n\n<div style=\"height:52px\" aria-hidden=\"true\" class=\"wp-block-spacer\"><\/div>\n\n\n\n<p class=\"has-text-align-center has-text-color has-link-color has-large-font-size wp-elements-0c2633ea9752ea042c06e19314c4a8fc\" style=\"color:#4e7c09\"><strong>CAMP\u00da S\u00d3LIDO <\/strong><\/p>\n\n\n\n<div style=\"height:15px\" aria-hidden=\"true\" class=\"wp-block-spacer\"><\/div>\n\n\n\n<p class=\"has-text-align-center has-text-color has-link-color has-large-font-size wp-elements-984adf57291ad4cef832646c80978162\" style=\"color:#4e7c09\"><strong>CON LODOS DEL MAR MENOR<\/strong><\/p>\n\n\n\n<div style=\"height:20px\" aria-hidden=\"true\" class=\"wp-block-spacer\"><\/div>\n\n\n\n<p class=\"has-text-align-center has-medium-font-size\">SOLID SHAMPOO WITH MUD FROM THE MAR MENOR<\/p>\n\n\n\n<div style=\"height:20px\" aria-hidden=\"true\" class=\"wp-block-spacer\"><\/div>\n\n\n\n<div class=\"wp-block-columns are-vertically-aligned-center is-layout-flex wp-container-core-columns-is-layout-9d6595d7 wp-block-columns-is-layout-flex\">\n<div class=\"wp-block-column is-vertically-aligned-center is-layout-flow wp-block-column-is-layout-flow\">\n<div data-aos= \"zoom-in\" data-aos-duration=\"400\" data-aos-delay=\"0\" data-aos-easing=\"ease\" data-aos-once=\"true\" class=\"wp-block-uagb-image aligncenter uagb-block-60c42e86 wp-block-uagb-image--layout-default wp-block-uagb-image--effect-zoomin wp-block-uagb-image--align-center\"><figure class=\"wp-block-uagb-image__figure\"><img decoding=\"async\" srcset=\"https:\/\/salesdelmarmenor.es\/wp-content\/uploads\/2025\/07\/Elementos-28-copia.png \" sizes=\"auto, (max-width: 480px) 150px\" src=\"https:\/\/salesdelmarmenor.es\/wp-content\/uploads\/2025\/07\/Elementos-28-copia.png\" alt=\"\" class=\"uag-image-777\" width=\"1476\" height=\"1077\" title=\"\" loading=\"lazy\"\/><\/figure><\/div>\n\n\n\n<p class=\"has-text-align-left has-medium-font-size\">CHAMP\u00da S\u00d3LIDO DE LIMPIEZA PROFUNDA PARA CABELLOS NORMALES Y GRASOS<\/p>\n\n\n\n<div style=\"height:25px\" aria-hidden=\"true\" class=\"wp-block-spacer\"><\/div>\n\n\n\n<p class=\"has-text-align-left has-medium-font-size\">CHAMP\u00da S\u00d3LIDO PARA USO DIARIO O COMO TRATAMIENTO DETOX SEMANAL<\/p>\n\n\n\n<p class=\"has-text-align-left has-medium-font-size\"><\/p>\n\n\n\n<div style=\"height:25px\" aria-hidden=\"true\" class=\"wp-block-spacer\"><\/div>\n\n\n\n<p class=\"has-text-align-left has-text-color has-link-color has-medium-font-size wp-elements-f15fe30fae7c3fabdc5e5aa39b406d9b\" style=\"color:#4e7c09\">Champ\u00fa s\u00f3lido de limpieza profunda gracias a los ingredientes naturales. Ideal para quienes buscan un cuidado capilar eficaz. Su f\u00f3rmula equilibrada lo convierte en un aliado perfecto para cabellos normales a grasos que requieren purificaci\u00f3n sin sacrificar hidrataci\u00f3n<\/p>\n\n\n\n<p class=\"has-text-align-left has-text-color has-link-color has-medium-font-size wp-elements-ad0707fdacd0bf0b9bc9e7464e1302b7\" style=\"color:#aa6389\"><\/p>\n\n\n\n<p class=\"has-text-align-left has-text-color has-link-color has-medium-font-size wp-elements-ad0707fdacd0bf0b9bc9e7464e1302b7\" style=\"color:#aa6389\"><\/p>\n<\/div>\n\n\n\n<div class=\"wp-block-column is-vertically-aligned-center is-layout-flow wp-block-column-is-layout-flow\">\n<div style=\"height:19px\" aria-hidden=\"true\" class=\"wp-block-spacer\"><\/div>\n\n\n\n<p class=\"has-text-color has-medium-font-size\" style=\"color:#4e7c09\">\u00bfQu\u00e9 es?<\/p>\n\n\n\n<p>Champ\u00fa s\u00f3lido de uso frecuente para para limpiar, equilibrar y revitalizar el cuero cabelludo y el cabello.<br>Rico en minerales y aceites esenciales.<br>Absorbe grasas e impurezas<br>Hidratante y fresco<br>Efecto calmante y aromaterap\u00e9utico por los aceites esenciales.<\/p>\n\n\n\n<div style=\"height:20px\" aria-hidden=\"true\" class=\"wp-block-spacer\"><\/div>\n\n\n\n<p class=\"has-text-color has-medium-font-size\" style=\"color:#4e7c09\">Recomendado para&#8230;<\/p>\n\n\n\n<p>Cabellos grasos o con tendencia a la oleosidad.<br>Cuero cabelludo con exceso de sebo, caspa leve o necesidad de desintoxicaci\u00f3n. Ideal para viajes y duchas r\u00e1pidas.<br>Puede utilizarse en rutinas detox capilares 1-2 veces por semana.<\/p>\n\n\n\n<div style=\"height:20px\" aria-hidden=\"true\" class=\"wp-block-spacer\"><\/div>\n\n\n\n<p class=\"has-text-color has-medium-font-size\" style=\"color:#4e7c09\">Beneficios<\/p>\n\n\n\n<p>Limpia sin resecar el cuero cabelludo.<br>Regula el exceso de grasa.<br>Aporta volumen y brillo natural al cabello.<br>Fortalece el cuero cabelludo, reduciendo la ca\u00edda leve.<br>Mejora la circulaci\u00f3n capilar.<\/p>\n\n\n\n<div style=\"height:20px\" aria-hidden=\"true\" class=\"wp-block-spacer\"><\/div>\n\n\n\n<p class=\"has-text-color has-medium-font-size\" style=\"color:#4e7c09\">\u00bfC\u00f3mo se utiliza?<\/p>\n\n\n\n<p>Para asegurarnos un buen efecto mojar bien el cabello y posteriormente el champ\u00fa s\u00f3lido.<br>Frota el champ\u00fa directamente sobre el cuero cabelludo o entre las manos hasta formar espuma.<br>Masajea el cuero cabelludo con las yemas de los dedos.<br>Enjuaga con abundante agua.<br>Repetir el proceso si deseas una limpieza m\u00e1s profunda.<br>Una vez utilizado, deja la pastilla fuera de humedades para su posterior. Evitar el contacto con los ojos<\/p>\n\n\n\n<div style=\"height:20px\" aria-hidden=\"true\" class=\"wp-block-spacer\"><\/div>\n\n\n\n<p class=\"has-text-color has-medium-font-size\" style=\"color:#4e7c09\">Consejos<\/p>\n\n\n\n<p>Frecuencia recomendada: 2-3 veces por semana. Alternar con un champ\u00fa hidratante si el cuero cabelludo es sensible.<\/p>\n\n\n\n<div style=\"height:20px\" aria-hidden=\"true\" class=\"wp-block-spacer\"><\/div>\n\n\n\n<p class=\"has-text-color has-medium-font-size\" style=\"color:#4e7c09\">Principios activos<\/p>\n\n\n\n<p>Tensioactivo derivado del coco, lodo del Mar Menor, aloe vera, extracto de aceite de lavandula, aceite de naranja amarga, sal marina.<\/p>\n<\/div>\n<\/div>\n","protected":false},"excerpt":{"rendered":"<p>CAMP\u00da S\u00d3LIDO CON LODOS DEL MAR MENOR SOLID SHAMPOO WITH MUD FROM THE MAR MENOR CHAMP\u00da S\u00d3LIDO DE LIMPIEZA PROFUNDA PARA CABELLOS NORMALES Y GRASOS CHAMP\u00da S\u00d3LIDO PARA USO DIARIO O COMO TRATAMIENTO DETOX SEMANAL Champ\u00fa s\u00f3lido de limpieza profunda gracias a los ingredientes naturales. Ideal para quienes buscan un cuidado capilar eficaz. Su f\u00f3rmula [&hellip;]<\/p>\n","protected":false},"author":1,"featured_media":0,"parent":0,"menu_order":0,"comment_status":"closed","ping_status":"closed","template":"","meta":{"_uag_custom_page_level_css":"","footnotes":""},"class_list":["post-476","page","type-page","status-publish","hentry"],"uagb_featured_image_src":{"full":false,"thumbnail":false,"medium":false,"medium_large":false,"large":false,"1536x1536":false,"2048x2048":false},"uagb_author_info":{"display_name":"admin","author_link":"https:\/\/salesdelmarmenor.es\/?author=1"},"uagb_comment_info":0,"uagb_excerpt":"CAMP\u00da S\u00d3LIDO CON LODOS DEL MAR MENOR SOLID SHAMPOO WITH MUD FROM THE MAR MENOR CHAMP\u00da S\u00d3LIDO DE LIMPIEZA PROFUNDA PARA CABELLOS NORMALES Y GRASOS CHAMP\u00da S\u00d3LIDO PARA USO DIARIO O COMO TRATAMIENTO DETOX SEMANAL Champ\u00fa s\u00f3lido de limpieza profunda gracias a los ingredientes naturales. Ideal para quienes buscan un cuidado capilar eficaz. Su f\u00f3rmula&hellip;","_links":{"self":[{"href":"https:\/\/salesdelmarmenor.es\/index.php?rest_route=\/wp\/v2\/pages\/476","targetHints":{"allow":["GET"]}}],"collection":[{"href":"https:\/\/salesdelmarmenor.es\/index.php?rest_route=\/wp\/v2\/pages"}],"about":[{"href":"https:\/\/salesdelmarmenor.es\/index.php?rest_route=\/wp\/v2\/types\/page"}],"author":[{"embeddable":true,"href":"https:\/\/salesdelmarmenor.es\/index.php?rest_route=\/wp\/v2\/users\/1"}],"replies":[{"embeddable":true,"href":"https:\/\/salesdelmarmenor.es\/index.php?rest_route=%2Fwp%2Fv2%2Fcomments&post=476"}],"version-history":[{"count":22,"href":"https:\/\/salesdelmarmenor.es\/index.php?rest_route=\/wp\/v2\/pages\/476\/revisions"}],"predecessor-version":[{"id":1000,"href":"https:\/\/salesdelmarmenor.es\/index.php?rest_route=\/wp\/v2\/pages\/476\/revisions\/1000"}],"wp:attachment":[{"href":"https:\/\/salesdelmarmenor.es\/index.php?rest_route=%2Fwp%2Fv2%2Fmedia&parent=476"}],"curies":[{"name":"wp","href":"https:\/\/api.w.org\/{rel}","templated":true}]}}