{"id":478,"date":"2024-06-21T11:08:47","date_gmt":"2024-06-21T11:08:47","guid":{"rendered":"https:\/\/salesdelmarmenor.es\/?page_id=478"},"modified":"2025-07-21T06:53:54","modified_gmt":"2025-07-21T06:53:54","slug":"lodo-natural","status":"publish","type":"page","link":"https:\/\/salesdelmarmenor.es\/?page_id=478","title":{"rendered":"Lodo Natural"},"content":{"rendered":"\n<div class=\"wp-block-uagb-container uagb-block-ef2f5ee4 alignfull uagb-is-root-container\"><div class=\"uagb-container-inner-blocks-wrap\">\n<div data-aos= \"zoom-in\" data-aos-duration=\"400\" data-aos-delay=\"0\" data-aos-easing=\"ease\" data-aos-once=\"true\" class=\"wp-block-uagb-image uagb-block-f3d140f0 wp-block-uagb-image--layout-default wp-block-uagb-image--effect-zoomin wp-block-uagb-image--align-none\"><figure class=\"wp-block-uagb-image__figure\"><img decoding=\"async\" srcset=\"https:\/\/salesdelmarmenor.es\/wp-content\/uploads\/2025\/07\/MMC-nat-18-1024x243.jpg \" sizes=\"auto, (max-width: 480px) 150px\" src=\"https:\/\/salesdelmarmenor.es\/wp-content\/uploads\/2025\/07\/MMC-nat-18-1024x243.jpg\" alt=\"\" class=\"uag-image-690\" width=\"1024\" height=\"243\" title=\"\" loading=\"lazy\"\/><\/figure><\/div>\n<\/div><\/div>\n\n\n\n<div style=\"height:52px\" aria-hidden=\"true\" class=\"wp-block-spacer\"><\/div>\n\n\n\n<div class=\"wp-block-columns are-vertically-aligned-center is-layout-flex wp-container-core-columns-is-layout-9d6595d7 wp-block-columns-is-layout-flex\">\n<div class=\"wp-block-column is-vertically-aligned-center is-layout-flow wp-block-column-is-layout-flow\"><\/div>\n<\/div>\n\n\n\n<p class=\"has-text-align-center has-text-color has-link-color has-large-font-size wp-elements-9ebd6962c1a8a9bb5a15cc1fb6006975\" style=\"color:#234c5a\"><strong>LODO MARINO NATURAL<\/strong><\/p>\n\n\n\n<div style=\"height:15px\" aria-hidden=\"true\" class=\"wp-block-spacer\"><\/div>\n\n\n\n<p class=\"has-text-align-center has-text-color has-link-color has-large-font-size wp-elements-d1322ffffd96d709d651d4ff677315fa\" style=\"color:#bc9e65\">LODOTHERM<\/p>\n\n\n\n<div style=\"height:20px\" aria-hidden=\"true\" class=\"wp-block-spacer\"><\/div>\n\n\n\n<p class=\"has-text-align-center has-text-color has-link-color has-medium-font-size wp-elements-b28a2ce5a4418bdbc1a314abd9aadb0a\" style=\"color:#234c5a\"><strong>NATURAL SEA MUD<\/strong><\/p>\n\n\n\n<div style=\"height:15px\" aria-hidden=\"true\" class=\"wp-block-spacer\"><\/div>\n\n\n\n<div class=\"wp-block-columns are-vertically-aligned-center is-layout-flex wp-container-core-columns-is-layout-9d6595d7 wp-block-columns-is-layout-flex\">\n<div class=\"wp-block-column is-vertically-aligned-center is-layout-flow wp-block-column-is-layout-flow\">\n<div data-aos= \"zoom-in\" data-aos-duration=\"400\" data-aos-delay=\"0\" data-aos-easing=\"ease\" data-aos-once=\"true\" class=\"wp-block-uagb-image aligncenter uagb-block-60c42e86 wp-block-uagb-image--layout-default wp-block-uagb-image--effect-zoomin wp-block-uagb-image--align-center\"><figure class=\"wp-block-uagb-image__figure\"><img decoding=\"async\" srcset=\"https:\/\/salesdelmarmenor.es\/wp-content\/uploads\/2025\/07\/Elementos-23-A.png \" sizes=\"auto, (max-width: 480px) 150px\" src=\"https:\/\/salesdelmarmenor.es\/wp-content\/uploads\/2025\/07\/Elementos-23-A.png\" alt=\"\" class=\"uag-image-692\" width=\"1656\" height=\"1085\" title=\"\" loading=\"lazy\"\/><\/figure><\/div>\n\n\n\n<p class=\"has-text-align-left has-medium-font-size\">Los lodos marinos, tambi\u00e9n denominados barros y limos est\u00e1n compuestos por agua marina y sedimentos arcillosos mezclados con arenas, siendo ricos en sales minerales.<\/p>\n\n\n\n<p class=\"has-text-align-left has-medium-font-size\"><br>La Lodoterapia o aplicaci\u00f3n de lodos marinos sobre la piel ha sido utilizada desde la antig\u00fcedad con fines preventivos y curativos por su cualidad de aportar al organismo minerales muy beneficiosos para la salud.<\/p>\n\n\n\n<p class=\"has-text-align-left has-medium-font-size\"><\/p>\n\n\n\n<div style=\"height:25px\" aria-hidden=\"true\" class=\"wp-block-spacer\"><\/div>\n\n\n\n<p class=\"has-text-align-left has-text-color has-link-color has-medium-font-size wp-elements-2749c25470dfb0ed9b647c742c520c65\" style=\"color:#aa6389\">Diversas investigaciones han demostrado que el paso de minerales y otras sustancias contenidas en el lodo marino a trav\u00e9s de la piel tiene acciones terap\u00e9uticas, fundamentalmente aquellas relacionadas con los mecanismos antiinflamatorios resultando muy eficaz en el alivio del dolor articular y muscular.<\/p>\n\n\n\n<p class=\"has-text-align-left has-text-color has-link-color has-medium-font-size wp-elements-a58c570f9ef94155120032c50f220c1e\" style=\"color:#aa6389\"><br>Dale a tu piel una nueva sensaci\u00f3n de bienestar con este lodo marino, enriquecido con sales del Mar Menor altamente mineralizantes y reparadoras.<\/p>\n\n\n\n<p class=\"has-text-align-left has-text-color has-link-color has-medium-font-size wp-elements-ad0707fdacd0bf0b9bc9e7464e1302b7\" style=\"color:#aa6389\"><\/p>\n<\/div>\n\n\n\n<div class=\"wp-block-column is-vertically-aligned-center is-layout-flow wp-block-column-is-layout-flow\">\n<div style=\"height:19px\" aria-hidden=\"true\" class=\"wp-block-spacer\"><\/div>\n\n\n\n<p class=\"has-text-color has-medium-font-size\" style=\"color:#aa6389\">\u00bfQu\u00e9 es?<\/p>\n\n\n\n<p>LODOTHERM es un lodo marino enriquecido con Sales del Mar Menor, ricas en sales minerales como Sodio, Magnesio, Calcio y Fl\u00faor y oligoelementos, especialmente indicado para el alivio del dolor articular y muscular.<br>Este lodo se puede utilizar a nivel terap\u00e9utico para mejorar la circulaci\u00f3n, aliviar dolores musculares y articulares, y desintoxicar la piel.<br>LODOTHERM activa fuertemente la circulaci\u00f3n gracias a su alto poder de conductividad calor\u00edfica.<br>Su mecanismo de acci\u00f3n es debido a la eficacia de las sales minerales que est\u00e1n contenidas en el lodo las cuales combinadas con la acci\u00f3n t\u00e9rmica ejerce un potente efecto antiinflamatorio y analg\u00e9sico por aumento de la circulaci\u00f3n sangu\u00ednea en la zona tratada.<\/p>\n\n\n\n<div style=\"height:20px\" aria-hidden=\"true\" class=\"wp-block-spacer\"><\/div>\n\n\n\n<p class=\"has-text-color has-medium-font-size\" style=\"color:#aa6389\">Recomendado para&#8230;<\/p>\n\n\n\n<p>Para todo tipo de tratamientos de la piel del cuerpo y cara, eliminando toxinas, hidratando y oxigenando la dermis.<br>Para el tratamiento del acn\u00e9, eccemas, psoriasis, piel ros\u00e1cea.<br>Especialmente indicado para el alivio del dolor causado por problemas inflamatorios articulares agudos y cr\u00f3nicos, rigidez articular, problemas reum\u00e1ticos, dolor muscular, etc.<br>Tiene m\u00faltiples propiedades relajantes y calmantes, eliminando el estr\u00e9s con el objetivo de lograr un perfecto equilibrio cuerpo \u2013 mente.<br>Apto paro todo tipo de piel. Su mecanismo de acci\u00f3n est\u00e1 basado en la terapia natural Se utiliza tanto en la cara como en el cuerpo.<\/p>\n\n\n\n<div style=\"height:20px\" aria-hidden=\"true\" class=\"wp-block-spacer\"><\/div>\n\n\n\n<p class=\"has-text-color has-medium-font-size\" style=\"color:#aa6389\">Beneficios<\/p>\n\n\n\n<p>Ayuda a aliviar el dolor y bajar la inflamaci\u00f3n en los problemas de artrosis, contracturas y dolores musculares.<br>Estimula la circulaci\u00f3n sangu\u00ednea.<br>Cicatrizante, ayuda a cicatrizar heridas, quemaduras, picaduras, etc.<br>Mejora el aspecto de la piel, eliminado las c\u00e9lulas muertas, realizando una limpieza profunda de la piel, dej\u00e1ndola suave y rejuvenecida.<br>Alivio del picor, escozor e irritaci\u00f3n de la piel.<\/p>\n\n\n\n<div style=\"height:20px\" aria-hidden=\"true\" class=\"wp-block-spacer\"><\/div>\n\n\n\n<p class=\"has-text-color has-medium-font-size\" style=\"color:#aa6389\">\u00bfC\u00f3mo se utiliza?<\/p>\n\n\n\n<p>Calentar al ba\u00f1o Mar\u00eda la cantidad de lodo a utilizar mientras lo removemos a una temperatura cercana a 40\u00ba C.<br>Aplicamos directamente sobre la zona elegida y dejamos actuar entre 25 a 30 minutos.<br>Se puede aplicar calor externo a la zona tratada con el uso de una manta t\u00e9rmica para as\u00ed mantener la temperatura del lodo y maximizar su efecto.<br>Retiramos con agua templada evitando contaminar las zonas delicadas.<br>Aplicar diariamente una dosis abundante de producto y extender hasta cubrir completamente la zona tratada.<\/p>\n\n\n\n<div style=\"height:20px\" aria-hidden=\"true\" class=\"wp-block-spacer\"><\/div>\n\n\n\n<p class=\"has-text-color has-medium-font-size\" style=\"color:#aa6389\">Consejos<\/p>\n\n\n\n<p>Se recomienda un uso no inferior a 9 d\u00edas de tratamiento para obtener los mejores resultados.<br>Finalizado el tratamiento se recomienda usar al menos una vez a la semana para potenciar los efectos preventivos de la Lodoterapia y usar en combinaci\u00f3n con la Loci\u00f3n Bals\u00e1mica LODOTHERM.<br>Se recomienda su aplicaci\u00f3n despu\u00e9s de la ducha con los productos de Gel, Champ\u00fa y crema corporal LODOCARE.<\/p>\n\n\n\n<div style=\"height:20px\" aria-hidden=\"true\" class=\"wp-block-spacer\"><\/div>\n\n\n\n<p class=\"has-text-color has-medium-font-size\" style=\"color:#aa6389\">Principios activos<\/p>\n\n\n\n<p>Agua termal, arcilla natural y sal del Mar Menor.<\/p>\n<\/div>\n<\/div>\n","protected":false},"excerpt":{"rendered":"<p>LODO MARINO NATURAL LODOTHERM NATURAL SEA MUD Los lodos marinos, tambi\u00e9n denominados barros y limos est\u00e1n compuestos por agua marina y sedimentos arcillosos mezclados con arenas, siendo ricos en sales minerales. La Lodoterapia o aplicaci\u00f3n de lodos marinos sobre la piel ha sido utilizada desde la antig\u00fcedad con fines preventivos y curativos por su cualidad [&hellip;]<\/p>\n","protected":false},"author":1,"featured_media":0,"parent":0,"menu_order":0,"comment_status":"closed","ping_status":"closed","template":"","meta":{"_uag_custom_page_level_css":"","footnotes":""},"class_list":["post-478","page","type-page","status-publish","hentry"],"uagb_featured_image_src":{"full":false,"thumbnail":false,"medium":false,"medium_large":false,"large":false,"1536x1536":false,"2048x2048":false},"uagb_author_info":{"display_name":"admin","author_link":"https:\/\/salesdelmarmenor.es\/?author=1"},"uagb_comment_info":0,"uagb_excerpt":"LODO MARINO NATURAL LODOTHERM NATURAL SEA MUD Los lodos marinos, tambi\u00e9n denominados barros y limos est\u00e1n compuestos por agua marina y sedimentos arcillosos mezclados con arenas, siendo ricos en sales minerales. La Lodoterapia o aplicaci\u00f3n de lodos marinos sobre la piel ha sido utilizada desde la antig\u00fcedad con fines preventivos y curativos por su cualidad&hellip;","_links":{"self":[{"href":"https:\/\/salesdelmarmenor.es\/index.php?rest_route=\/wp\/v2\/pages\/478","targetHints":{"allow":["GET"]}}],"collection":[{"href":"https:\/\/salesdelmarmenor.es\/index.php?rest_route=\/wp\/v2\/pages"}],"about":[{"href":"https:\/\/salesdelmarmenor.es\/index.php?rest_route=\/wp\/v2\/types\/page"}],"author":[{"embeddable":true,"href":"https:\/\/salesdelmarmenor.es\/index.php?rest_route=\/wp\/v2\/users\/1"}],"replies":[{"embeddable":true,"href":"https:\/\/salesdelmarmenor.es\/index.php?rest_route=%2Fwp%2Fv2%2Fcomments&post=478"}],"version-history":[{"count":40,"href":"https:\/\/salesdelmarmenor.es\/index.php?rest_route=\/wp\/v2\/pages\/478\/revisions"}],"predecessor-version":[{"id":930,"href":"https:\/\/salesdelmarmenor.es\/index.php?rest_route=\/wp\/v2\/pages\/478\/revisions\/930"}],"wp:attachment":[{"href":"https:\/\/salesdelmarmenor.es\/index.php?rest_route=%2Fwp%2Fv2%2Fmedia&parent=478"}],"curies":[{"name":"wp","href":"https:\/\/api.w.org\/{rel}","templated":true}]}}