{"id":485,"date":"2024-06-21T11:10:30","date_gmt":"2024-06-21T11:10:30","guid":{"rendered":"https:\/\/salesdelmarmenor.es\/?page_id=485"},"modified":"2025-07-21T07:15:33","modified_gmt":"2025-07-21T07:15:33","slug":"lodo-cosmetico","status":"publish","type":"page","link":"https:\/\/salesdelmarmenor.es\/?page_id=485","title":{"rendered":"Lodo Cosm\u00e9tico"},"content":{"rendered":"\n<p class=\"has-text-color has-medium-font-size\" style=\"color:#bc9e65\"><\/p>\n\n\n\n<div data-aos= \"zoom-in\" data-aos-duration=\"400\" data-aos-delay=\"0\" data-aos-easing=\"ease\" data-aos-once=\"true\" class=\"wp-block-uagb-image uagb-block-f3d140f0 wp-block-uagb-image--layout-default wp-block-uagb-image--effect-zoomin wp-block-uagb-image--align-none\"><figure class=\"wp-block-uagb-image__figure\"><img decoding=\"async\" srcset=\"https:\/\/salesdelmarmenor.es\/wp-content\/uploads\/2023\/09\/Elementos-loddo-21-1024x243.jpg \" sizes=\"auto, (max-width: 480px) 150px\" src=\"https:\/\/salesdelmarmenor.es\/wp-content\/uploads\/2023\/09\/Elementos-loddo-21-1024x243.jpg\" alt=\"\" class=\"uag-image-127\" width=\"1024\" height=\"243\" title=\"\" loading=\"lazy\"\/><\/figure><\/div>\n\n\n\n<div style=\"height:52px\" aria-hidden=\"true\" class=\"wp-block-spacer\"><\/div>\n\n\n\n<div style=\"height:30px\" aria-hidden=\"true\" class=\"wp-block-spacer\"><\/div>\n\n\n\n<p class=\"has-text-align-center has-text-color has-link-color has-large-font-size wp-elements-15c722dd798046992bee8682fc65e03c\" style=\"color:#657711\"><strong>LODO MARINO COSM\u00c9TICO<\/strong><\/p>\n\n\n\n<div style=\"height:15px\" aria-hidden=\"true\" class=\"wp-block-spacer\"><\/div>\n\n\n\n<p class=\"has-text-align-center has-text-color has-link-color has-large-font-size wp-elements-b6f0323b4ba1b98f5420b27ef84556e7\" style=\"color:#ab8c00\">LODOCARE<\/p>\n\n\n\n<div style=\"height:20px\" aria-hidden=\"true\" class=\"wp-block-spacer\"><\/div>\n\n\n\n<p class=\"has-text-align-center has-text-color has-link-color has-medium-font-size wp-elements-2fbf2481046610acd94ff5dd9b665e80\" style=\"color:#657711\"><strong><strong>COSMETIC SEA MUD<\/strong><\/strong><\/p>\n\n\n\n<div class=\"wp-block-columns are-vertically-aligned-center is-layout-flex wp-container-core-columns-is-layout-9d6595d7 wp-block-columns-is-layout-flex\">\n<div class=\"wp-block-column is-vertically-aligned-center is-layout-flow wp-block-column-is-layout-flow\">\n<div data-aos= \"zoom-in\" data-aos-duration=\"400\" data-aos-delay=\"0\" data-aos-easing=\"ease\" data-aos-once=\"true\" class=\"wp-block-uagb-image aligncenter uagb-block-60c42e86 wp-block-uagb-image--layout-default wp-block-uagb-image--effect-zoomin wp-block-uagb-image--align-center\"><figure class=\"wp-block-uagb-image__figure\"><img decoding=\"async\" srcset=\"https:\/\/salesdelmarmenor.es\/wp-content\/uploads\/2025\/07\/Elementos-22.png \" sizes=\"auto, (max-width: 480px) 150px\" src=\"https:\/\/salesdelmarmenor.es\/wp-content\/uploads\/2025\/07\/Elementos-22.png\" alt=\"\" class=\"uag-image-713\" width=\"1476\" height=\"988\" title=\"\" loading=\"lazy\"\/><\/figure><\/div>\n\n\n\n<p class=\"has-text-align-left has-medium-font-size\">Este lodo marino cosm\u00e9tico es un tratamiento purificante y revitalizante de alta eficacia, ideal para pieles que necesitan una limpieza profunda sin comprometer la hidrataci\u00f3n ni el equilibrio natural.<\/p>\n\n\n\n<div style=\"height:25px\" aria-hidden=\"true\" class=\"wp-block-spacer\"><\/div>\n\n\n\n<p class=\"has-text-align-left has-medium-font-size\">Perfecto para integrar en rutinas de mantenimiento semanal o como tratamiento espec\u00edfico para pieles grasas, mixtas o congestionadas.<\/p>\n\n\n\n<div style=\"height:25px\" aria-hidden=\"true\" class=\"wp-block-spacer\"><\/div>\n\n\n\n<p class=\"has-text-align-left has-text-color has-link-color has-medium-font-size wp-elements-fb37d5dd84edbf734c894e7a7c203e37\" style=\"color:#657711\">Su combinaci\u00f3n de minerales y oligoelementos , extractos marinos y vegetales ofrece resultados visibles desde el primer uso: piel m\u00e1s limpia, mate, fresca y luminosa y con efecto antiarrugas.<\/p>\n\n\n\n<p class=\"has-text-align-left has-text-color has-link-color has-medium-font-size wp-elements-ad0707fdacd0bf0b9bc9e7464e1302b7\" style=\"color:#aa6389\"><\/p>\n\n\n\n<p class=\"has-text-align-left has-text-color has-link-color has-medium-font-size wp-elements-ad0707fdacd0bf0b9bc9e7464e1302b7\" style=\"color:#aa6389\"><\/p>\n<\/div>\n\n\n\n<div class=\"wp-block-column is-vertically-aligned-center is-layout-flow wp-block-column-is-layout-flow\">\n<div style=\"height:19px\" aria-hidden=\"true\" class=\"wp-block-spacer\"><\/div>\n\n\n\n<p class=\"has-text-color has-medium-font-size\" style=\"color:#ab8c00\">\u00bfQu\u00e9 es?<\/p>\n\n\n\n<p>El lodo marino cosm\u00e9tico LODOCARE es una mascarilla facial todo en uno, apta para todo tipo de pieles Su combinaci\u00f3n de ingredientes remineraliza la piel, ayuda a eliminar impurezas, mejora la circulaci\u00f3n y aporta firmeza.<br>Es un lodo marino cosm\u00e9tico facial detoxificante, remineralizante y equilibrante dise\u00f1ado para purificar, revitalizar y mejorar la textura de la piel, especialmente en pieles mixtas a grasas o con impurezas.<\/p>\n\n\n\n<div style=\"height:20px\" aria-hidden=\"true\" class=\"wp-block-spacer\"><\/div>\n\n\n\n<p class=\"has-text-color has-medium-font-size\" style=\"color:#ab8c00\">Recomendado para&#8230;<\/p>\n\n\n\n<p>Todo tipo de pieles, ya que hidrata, tonifica, estimula y revitaliza la piel.<br>Piel normal, Mantiene hidrataci\u00f3n y luminosidad.<br>Piel madura, Aporta elasticidad y reafirma.<br>Pieles grasas, mixtas o con tendencia a imperfecciones. Pieles apagadas, congestionadas o con poros dilatados. Como parte de una rutina d\u00e9tox semanal.<br>Tratamientos pre o post-limpieza profunda (faciales).<\/p>\n\n\n\n<div style=\"height:20px\" aria-hidden=\"true\" class=\"wp-block-spacer\"><\/div>\n\n\n\n<p class=\"has-text-color has-medium-font-size\" style=\"color:#ab8c00\">Beneficios<\/p>\n\n\n\n<p>Limpieza profunda sin agredir la piel, abre los poros y elimina las impurezas Ayuda a controlar la producci\u00f3n de sebo, a combatir el acn\u00e9 y la piel ros\u00e1cea. Aporta minerales esenciales que tonifican y revitalizan la piel.<br>Mejora el tono, la textura y el brillo natural.<br>Proporciona una sensaci\u00f3n inmediata de frescura y renovaci\u00f3n.<br>Ayuda a Hidratar la piel aumentando su elasticidad previniendo as\u00ed la aparici\u00f3n de arrugas.<\/p>\n\n\n\n<div style=\"height:20px\" aria-hidden=\"true\" class=\"wp-block-spacer\"><\/div>\n\n\n\n<p class=\"has-text-color has-medium-font-size\" style=\"color:#ab8c00\">\u00bfC\u00f3mo se utiliza?<\/p>\n\n\n\n<p>Extender el lodo cosm\u00e9tico marino con un suave masaje sobre cara, cuello y escote.<br>En funci\u00f3n del grosor de la capa que se ponga el Lodo se tendr\u00e1 que mantener m\u00e1s o menos tiempo en la piel hasta que el mismo se seque.<br>En general, para capas finas, mantener de 10 a 15 minutos. Para capas m\u00e1s gruesas, mantener de 15 a 20 minutos.<br>Transcurrido \u00e9ste tiempo, retirar el lodo con una toalla humedecida previamente o con agua tibia.<br>Mantener fuera del alcance de los ni\u00f1os. Evitar el contacto con ojos y mucosas. Usar 1 a 2 veces por semana.<\/p>\n\n\n\n<div style=\"height:20px\" aria-hidden=\"true\" class=\"wp-block-spacer\"><\/div>\n\n\n\n<p class=\"has-text-color has-medium-font-size\" style=\"color:#ab8c00\">Consejos<\/p>\n\n\n\n<p>Ideal como parte de una rutina semanal nocturna.<br>Para un efecto spa, aplicar despu\u00e9s de una ducha caliente o vapor.<br>En piel seca o sensible, aplicar solo en zona T o usar por menos tiempo. Siempre aplicar una crema hidratante mar menor despu\u00e9s de retirarla.<\/p>\n\n\n\n<div style=\"height:20px\" aria-hidden=\"true\" class=\"wp-block-spacer\"><\/div>\n\n\n\n<p class=\"has-text-color has-medium-font-size\" style=\"color:#ab8c00\">Principios activos<\/p>\n\n\n\n<p>Lodo marino y sal del Mar Menor, agua termal, col\u00e1geno marino, complejo de algas marinas, extractos vegetales.<\/p>\n<\/div>\n<\/div>\n","protected":false},"excerpt":{"rendered":"<p>LODO MARINO COSM\u00c9TICO LODOCARE COSMETIC SEA MUD Este lodo marino cosm\u00e9tico es un tratamiento purificante y revitalizante de alta eficacia, ideal para pieles que necesitan una limpieza profunda sin comprometer la hidrataci\u00f3n ni el equilibrio natural. Perfecto para integrar en rutinas de mantenimiento semanal o como tratamiento espec\u00edfico para pieles grasas, mixtas o congestionadas. Su [&hellip;]<\/p>\n","protected":false},"author":1,"featured_media":0,"parent":0,"menu_order":0,"comment_status":"closed","ping_status":"closed","template":"","meta":{"_uag_custom_page_level_css":"","footnotes":""},"class_list":["post-485","page","type-page","status-publish","hentry"],"uagb_featured_image_src":{"full":false,"thumbnail":false,"medium":false,"medium_large":false,"large":false,"1536x1536":false,"2048x2048":false},"uagb_author_info":{"display_name":"admin","author_link":"https:\/\/salesdelmarmenor.es\/?author=1"},"uagb_comment_info":0,"uagb_excerpt":"LODO MARINO COSM\u00c9TICO LODOCARE COSMETIC SEA MUD Este lodo marino cosm\u00e9tico es un tratamiento purificante y revitalizante de alta eficacia, ideal para pieles que necesitan una limpieza profunda sin comprometer la hidrataci\u00f3n ni el equilibrio natural. Perfecto para integrar en rutinas de mantenimiento semanal o como tratamiento espec\u00edfico para pieles grasas, mixtas o congestionadas. Su&hellip;","_links":{"self":[{"href":"https:\/\/salesdelmarmenor.es\/index.php?rest_route=\/wp\/v2\/pages\/485","targetHints":{"allow":["GET"]}}],"collection":[{"href":"https:\/\/salesdelmarmenor.es\/index.php?rest_route=\/wp\/v2\/pages"}],"about":[{"href":"https:\/\/salesdelmarmenor.es\/index.php?rest_route=\/wp\/v2\/types\/page"}],"author":[{"embeddable":true,"href":"https:\/\/salesdelmarmenor.es\/index.php?rest_route=\/wp\/v2\/users\/1"}],"replies":[{"embeddable":true,"href":"https:\/\/salesdelmarmenor.es\/index.php?rest_route=%2Fwp%2Fv2%2Fcomments&post=485"}],"version-history":[{"count":27,"href":"https:\/\/salesdelmarmenor.es\/index.php?rest_route=\/wp\/v2\/pages\/485\/revisions"}],"predecessor-version":[{"id":944,"href":"https:\/\/salesdelmarmenor.es\/index.php?rest_route=\/wp\/v2\/pages\/485\/revisions\/944"}],"wp:attachment":[{"href":"https:\/\/salesdelmarmenor.es\/index.php?rest_route=%2Fwp%2Fv2%2Fmedia&parent=485"}],"curies":[{"name":"wp","href":"https:\/\/api.w.org\/{rel}","templated":true}]}}