{"id":663,"date":"2025-07-01T15:47:15","date_gmt":"2025-07-01T15:47:15","guid":{"rendered":"https:\/\/salesdelmarmenor.es\/?page_id=663"},"modified":"2025-07-21T16:52:26","modified_gmt":"2025-07-21T16:52:26","slug":"limpiadores-faciales","status":"publish","type":"page","link":"https:\/\/salesdelmarmenor.es\/?page_id=663","title":{"rendered":"Limpiadores Faciales"},"content":{"rendered":"\n<div data-aos= \"zoom-in\" data-aos-duration=\"400\" data-aos-delay=\"0\" data-aos-easing=\"ease\" data-aos-once=\"true\" class=\"wp-block-uagb-image uagb-block-f3d140f0 wp-block-uagb-image--layout-default wp-block-uagb-image--effect-zoomin wp-block-uagb-image--align-none\"><figure class=\"wp-block-uagb-image__figure\"><img decoding=\"async\" srcset=\"https:\/\/salesdelmarmenor.es\/wp-content\/uploads\/2025\/07\/MMC-18-1024x243.jpg \" sizes=\"auto, (max-width: 480px) 150px\" src=\"https:\/\/salesdelmarmenor.es\/wp-content\/uploads\/2025\/07\/MMC-18-1024x243.jpg\" alt=\"\" class=\"uag-image-628\" width=\"1024\" height=\"243\" title=\"\" loading=\"lazy\"\/><\/figure><\/div>\n\n\n\n<div style=\"height:50px\" aria-hidden=\"true\" class=\"wp-block-spacer\"><\/div>\n\n\n\n<p class=\"has-text-align-center has-text-color has-link-color has-large-font-size wp-elements-dbb0b07b5cdd421f8d37462510e06816\" style=\"color:#04476e\"><strong><strong>LIMPIADORA DEMORSENSITIVA MAR MENOR<\/strong><\/strong><\/p>\n\n\n\n<div style=\"height:15px\" aria-hidden=\"true\" class=\"wp-block-spacer\"><\/div>\n\n\n\n<p class=\"has-text-align-center has-text-color has-link-color has-medium-font-size wp-elements-4cc098e45dc4cd11645e8ff81e0ca0dd\" style=\"color:#1f6c98\"><strong><strong>DERMO-SENSITIVE CLEANSING MILK MAR MENOR<\/strong><\/strong><\/p>\n\n\n\n<div style=\"height:25px\" aria-hidden=\"true\" class=\"wp-block-spacer\"><\/div>\n\n\n\n<div class=\"wp-block-columns are-vertically-aligned-center is-layout-flex wp-container-core-columns-is-layout-9d6595d7 wp-block-columns-is-layout-flex\">\n<div class=\"wp-block-column is-vertically-aligned-center is-layout-flow wp-block-column-is-layout-flow\">\n<div data-aos= \"zoom-in\" data-aos-duration=\"400\" data-aos-delay=\"0\" data-aos-easing=\"ease\" data-aos-once=\"true\" class=\"wp-block-uagb-image aligncenter uagb-block-c265934a wp-block-uagb-image--layout-default wp-block-uagb-image--effect-zoomin wp-block-uagb-image--align-center\"><figure class=\"wp-block-uagb-image__figure\"><img decoding=\"async\" srcset=\"https:\/\/salesdelmarmenor.es\/wp-content\/uploads\/2025\/07\/MMC_Mesa-de-trabajo-1-copia-9-1.png \" sizes=\"auto, (max-width: 480px) 150px\" src=\"https:\/\/salesdelmarmenor.es\/wp-content\/uploads\/2025\/07\/MMC_Mesa-de-trabajo-1-copia-9-1.png\" alt=\"\" class=\"uag-image-1063\" width=\"350\" height=\"642\" title=\"\" loading=\"lazy\"\/><\/figure><\/div>\n\n\n\n<p class=\"has-text-align-left has-medium-font-size\"><strong>LIMPIEZA SUAVE SIN RESECAR, HIDRATA Y PROTEGE LA PIEL, AYUDA A REDUCIR ROJECES, LIMPIA, HIDRATA, PROTEGE Y CALMA LA PIEL\u00a0<\/strong>.<\/p>\n\n\n\n<div style=\"height:25px\" aria-hidden=\"true\" class=\"wp-block-spacer\"><\/div>\n\n\n\n<p class=\"has-text-align-left has-medium-font-size\">Limpiadora dermosensitiva hidratante, calmante y nutritiva, formulada para pieles secas y sensibles. Su mezcla de aceites, humectantes y activos calmantes deja la piel suave y confortable despu\u00e9s de la limpieza.<\/p>\n\n\n\n<p class=\"has-text-align-left has-medium-font-size\"><\/p>\n\n\n\n<div style=\"height:25px\" aria-hidden=\"true\" class=\"wp-block-spacer\"><\/div>\n\n\n\n<p class=\"has-text-align-left has-text-color has-link-color has-medium-font-size wp-elements-6f62d99610aace56f7fb3ee1394f0cbc\" style=\"color:#0a669c\">El Agua de Rosas es ideal para pieles sensibles por sus propiedades refrescantes y tonificantes y deja la piel descongestionada y muy hidratada.<\/p>\n\n\n\n<p class=\"has-text-align-left has-text-color has-link-color has-medium-font-size wp-elements-ad0707fdacd0bf0b9bc9e7464e1302b7\" style=\"color:#aa6389\"><\/p>\n\n\n\n<p class=\"has-text-align-left has-text-color has-link-color has-medium-font-size wp-elements-ad0707fdacd0bf0b9bc9e7464e1302b7\" style=\"color:#aa6389\"><\/p>\n<\/div>\n\n\n\n<div class=\"wp-block-column is-vertically-aligned-center is-layout-flow wp-block-column-is-layout-flow\">\n<div style=\"height:19px\" aria-hidden=\"true\" class=\"wp-block-spacer\"><\/div>\n\n\n\n<p class=\"has-text-color has-medium-font-size\" style=\"color:#0a669c\">\u00bfQu\u00e9 es?<\/p>\n\n\n\n<p>La Limpiadora Dermosensitiva es una emulsi\u00f3n con una textura muy cremosa que le ayuda en su funci\u00f3n de limpiar profundamente la superficie de la piel y eliminar los residuos acumulados del medio ambiente, de los maquillajes aplicados y del propio metabolismo cut\u00e1neo.<br>Formulada con ingredientes que poseen propiedades refrescantes y tonificantes, proporcionando una limpieza suave y efectiva sin irritar la piel.<br>El factor de hidrataci\u00f3n natural presente en su formulaci\u00f3n ayuda a mantener un nivel \u00f3ptimo de agua en la piel.<\/p>\n\n\n\n<div style=\"height:20px\" aria-hidden=\"true\" class=\"wp-block-spacer\"><\/div>\n\n\n\n<p class=\"has-text-color has-medium-font-size\" style=\"color:#0a669c\">Recomendado para&#8230;<\/p>\n\n\n\n<p>Para todo tipo de pieles incluso las mas delicadas.<br>Pieles secas, sensibles, maduras o deshidratadas.<br>Limpieza diaria sin alteraci\u00f3n del pH ni de la barrera lip\u00eddica.<br>Como paso previo a la aplicaci\u00f3n de tratamientos hidratantes o nutritivos. Ideal en climas fr\u00edos, secos o tras procedimientos est\u00e9ticos (peelings, l\u00e1ser).<\/p>\n\n\n\n<div style=\"height:20px\" aria-hidden=\"true\" class=\"wp-block-spacer\"><\/div>\n\n\n\n<p class=\"has-text-color has-medium-font-size\" style=\"color:#0a669c\">Beneficios<\/p>\n\n\n\n<p>Elimina impurezas y maquillaje ligero sin irritar. Deja la piel suave, nutrida y confortable.<br>Ayuda a mantener la hidrataci\u00f3n natural de la piel, dej\u00e1ndola suave y confortable despu\u00e9s de cada uso.<br>Reduce la sensaci\u00f3n de tirantez post-limpieza.<br>Mejora la textura y apariencia de pieles deshidratadas.<br>Ayuda a mantener la hidrataci\u00f3n natural de la piel, dej\u00e1ndola suave y confortable despu\u00e9s de cada uso.<br>Ayuda a equilibrar el pH de la piel, lo cual es esencial para mantener su salud y resistencia frente a agentes externos.<\/p>\n\n\n\n<div style=\"height:20px\" aria-hidden=\"true\" class=\"wp-block-spacer\"><\/div>\n\n\n\n<p class=\"has-text-color has-medium-font-size\" style=\"color:#0a669c\">\u00bfC\u00f3mo se utiliza?<\/p>\n\n\n\n<p>Se recomienda aplicar la limpiadora con las yemas de los dedos sobre el rostro y el cuello de forma suave, tanto por la ma\u00f1ana como por la noche. Posteriormente, se retira con un tis\u00fa o toallita lavable sin presionar excesivamente para evitar irritaciones.<\/p>\n\n\n\n<div style=\"height:20px\" aria-hidden=\"true\" class=\"wp-block-spacer\"><\/div>\n\n\n\n<p class=\"has-text-color has-medium-font-size\" style=\"color:#0a669c\">Consejos<\/p>\n\n\n\n<p>S\u00e9 constante, limpia tu cara ma\u00f1ana y noche y en pocos d\u00edas ver\u00e1s el cambio.<br>La limpieza diaria de la piel es imprescindible si queremos mantenerla sana, ya que estos residuos se acumulan, congestionan la piel y no la dejan oxigenar correctamente favoreciendo el envejecimiento cut\u00e1neo.<br>Para obtener resultados \u00f3ptimos, es aconsejable complementar su uso con otros productos de la l\u00ednea de cuidado facial, adaptados a las necesidades espec\u00edficas de cada tipo de piel.<\/p>\n\n\n\n<div style=\"height:20px\" aria-hidden=\"true\" class=\"wp-block-spacer\"><\/div>\n\n\n\n<p class=\"has-text-color has-medium-font-size\" style=\"color:#0a669c\">Principios activos<\/p>\n\n\n\n<p>Factor de hidrataci\u00f3n natural, Agua de Rosas y Aceite de almendras dulces.<\/p>\n<\/div>\n<\/div>\n\n\n\n<div style=\"height:20px\" aria-hidden=\"true\" class=\"wp-block-spacer\"><\/div>\n\n\n\n<div class=\"wp-block-uagb-separator uagb-block-ed0f5723 wp-block-uagb-separator--icon\"><div class=\"wp-block-uagb-separator__inner\" style=\"--my-background-image:\"><div class=\"wp-block-uagb-separator-element\"><svg xmlns=\"https:\/\/www.w3.org\/2000\/svg\" viewBox=\"0 0 576 512\"><path d=\"M568.3 192c-29 .125-135 6.124-213.9 82.1C321.2 304.7 301 338.3 288 369.9c-13-31.63-33.25-65.25-66.38-94.87C142.8 198.2 36.75 192.2 7.75 192C3.375 192 0 195.4 0 199.9c.25 27.88 7.125 126.2 88.75 199.3C172.8 481 256 479.1 288 479.1s115.2 1.025 199.3-80.85C568.9 326 575.8 227.7 576 199.9C576 195.4 572.6 192 568.3 192zM288 302.6c12.75-18.87 27.62-35.75 44.13-50.5c19-18.62 39.5-33.37 60.25-45.25c-16.5-70.5-51.75-133-96.75-172.3c-4.125-3.5-11-3.5-15.12 0c-45 39.25-80.25 101.6-96.75 172.1c20.37 11.75 40.5 26.12 59.25 44.37C260 266.4 275.1 283.7 288 302.6z\"><\/path><\/svg><\/div><\/div><\/div>\n\n\n\n<div style=\"height:50px\" aria-hidden=\"true\" class=\"wp-block-spacer\"><\/div>\n\n\n\n<p class=\"has-text-align-center has-text-color has-link-color has-large-font-size wp-elements-6b2114113810986bca93c3b5e80cfbbf\" style=\"color:#04476e\"><strong><strong><strong>AGUA MICELAR MAR MENOR<\/strong><\/strong><\/strong><\/p>\n\n\n\n<div style=\"height:15px\" aria-hidden=\"true\" class=\"wp-block-spacer\"><\/div>\n\n\n\n<p class=\"has-text-align-center has-text-color has-link-color has-medium-font-size wp-elements-3b37cdb629ff7193ecd06cfdf29b7e91\" style=\"color:#1f6c98\"><strong><strong><strong>MICELLAR WATER MAR MENOR<\/strong><\/strong><\/strong><\/p>\n\n\n\n<div class=\"wp-block-columns are-vertically-aligned-center is-layout-flex wp-container-core-columns-is-layout-9d6595d7 wp-block-columns-is-layout-flex\">\n<div class=\"wp-block-column is-vertically-aligned-center is-layout-flow wp-block-column-is-layout-flow\">\n<div data-aos= \"zoom-in\" data-aos-duration=\"400\" data-aos-delay=\"0\" data-aos-easing=\"ease\" data-aos-once=\"true\" class=\"wp-block-uagb-image aligncenter uagb-block-42c05e99 wp-block-uagb-image--layout-default wp-block-uagb-image--effect-zoomin wp-block-uagb-image--align-center\"><figure class=\"wp-block-uagb-image__figure\"><img decoding=\"async\" srcset=\"https:\/\/salesdelmarmenor.es\/wp-content\/uploads\/2025\/07\/MMC_Mesa-de-trabajo-1-copia-11.png \" sizes=\"auto, (max-width: 480px) 150px\" src=\"https:\/\/salesdelmarmenor.es\/wp-content\/uploads\/2025\/07\/MMC_Mesa-de-trabajo-1-copia-11.png\" alt=\"\" class=\"uag-image-602\" width=\"491\" height=\"742\" title=\"\" loading=\"lazy\"\/><\/figure><\/div>\n\n\n\n<p class=\"has-text-align-left has-medium-font-size\">LIMPIEZA SUAVE SIN RESECAR, HIDRATA Y PROTEGE LA PIEL, AYUDA A REDUCIR ROJECES,<\/p>\n\n\n\n<div style=\"height:25px\" aria-hidden=\"true\" class=\"wp-block-spacer\"><\/div>\n\n\n\n<p class=\"has-text-align-left has-medium-font-size\">LIMPIA, HIDRATA, PROTEGE Y CALMA LA PIEL&nbsp;.<\/p>\n\n\n\n<p class=\"has-text-align-left has-medium-font-size\"><\/p>\n\n\n\n<div style=\"height:25px\" aria-hidden=\"true\" class=\"wp-block-spacer\"><\/div>\n\n\n\n<p class=\"has-text-align-left has-text-color has-link-color has-medium-font-size wp-elements-1f14212c7013ff8395a9c47f9600a777\" style=\"color:#0a669c\">El agua micelar Mar Menor es una excelente opci\u00f3n para limpiar, refrescar e hidratar la piel sin irritarla. Su combinaci\u00f3n de tensioactivos suaves, humectantes y antioxidantes la hace apta para el uso diario, incluso en pieles sensibles. Adem\u00e1s, su contenido en extractos c\u00edtricos y vitamina E aporta propiedades revitalizantes y protectoras.<\/p>\n\n\n\n<p class=\"has-text-align-left has-text-color has-link-color has-medium-font-size wp-elements-ad0707fdacd0bf0b9bc9e7464e1302b7\" style=\"color:#aa6389\"><\/p>\n\n\n\n<p class=\"has-text-align-left has-text-color has-link-color has-medium-font-size wp-elements-ad0707fdacd0bf0b9bc9e7464e1302b7\" style=\"color:#aa6389\"><\/p>\n<\/div>\n\n\n\n<div class=\"wp-block-column is-vertically-aligned-center is-layout-flow wp-block-column-is-layout-flow\">\n<div style=\"height:19px\" aria-hidden=\"true\" class=\"wp-block-spacer\"><\/div>\n\n\n\n<p class=\"has-text-color has-medium-font-size\" style=\"color:#0a669c\">\u00bfQu\u00e9 es?<\/p>\n\n\n\n<p>Este agua micelar es suave, hidratante y refrescante, con extractos c\u00edtricos que aportan luminosidad. Loci\u00f3n con un gran poder de limpieza suave, sin necesidad de enjuague.<br>Las micelas act\u00faan como emulsionantes con acci\u00f3n magn\u00e9tica, que atrae la grasa y las impurezas, las elimina de la piel inmediatamente y repele la humedad para dejar una piel hidratada.<\/p>\n\n\n\n<div style=\"height:20px\" aria-hidden=\"true\" class=\"wp-block-spacer\"><\/div>\n\n\n\n<p class=\"has-text-color has-medium-font-size\" style=\"color:#0a669c\">Recomendado para&#8230;<\/p>\n\n\n\n<p>Pieles normales y mixtas.<br>Para limpiar el rostro en la rutina de belleza diaria.<br>Como desmaquillante suave, incluso en pieles sensibles.<br>Para refrescar la piel durante el d\u00eda.<br>Para equilibrar la piel grasa o mixta sin resecarla.<br>Como primer paso antes de aplicar otros tratamientos faciales.<\/p>\n\n\n\n<div style=\"height:20px\" aria-hidden=\"true\" class=\"wp-block-spacer\"><\/div>\n\n\n\n<p class=\"has-text-color has-medium-font-size\" style=\"color:#0a669c\">Beneficios<\/p>\n\n\n\n<p>Limpia y desmaquilla en profundidad el rostro, los ojos y los labios de forma suave sin resecar, ni irrita .\u00a1Incluso con maquillaje waterproof!<br>Hidratante y antioxidante. Refrescante y Tonificante.<\/p>\n\n\n\n<div style=\"height:20px\" aria-hidden=\"true\" class=\"wp-block-spacer\"><\/div>\n\n\n\n<p class=\"has-text-color has-medium-font-size\" style=\"color:#0a669c\">\u00bfC\u00f3mo se utiliza?<\/p>\n\n\n\n<p>Aplicar el agua micelar en un algod\u00f3n o disco desmaquillante.<br>Pasarlo suavemente sobre el rostro, ojos y labios sin frotar demasiado por el rostro hasta que la piel quede limpia, sin frotar ni aclarar.<br>No es necesario enjuagar.<\/p>\n\n\n\n<div style=\"height:20px\" aria-hidden=\"true\" class=\"wp-block-spacer\"><\/div>\n\n\n\n<p class=\"has-text-color has-medium-font-size\" style=\"color:#0a669c\">Consejos<\/p>\n\n\n\n<p>Se recomienda complementar con un t\u00f3nico o hidratante de la l\u00ednea Mar Menor. Usar por la ma\u00f1ana y noche para mantener la piel limpia y fresca.<br>S\u00e9 constante, limpia tu cara ma\u00f1ana y noche y en pocos d\u00edas ver\u00e1s el cambio.<\/p>\n\n\n\n<div style=\"height:20px\" aria-hidden=\"true\" class=\"wp-block-spacer\"><\/div>\n\n\n\n<p class=\"has-text-color has-medium-font-size\" style=\"color:#0a669c\">Principios activos<\/p>\n\n\n\n<p>Hidratante natural. Tensioactivos suaves, extractos naturales.<\/p>\n<\/div>\n<\/div>\n\n\n\n<div style=\"height:20px\" aria-hidden=\"true\" class=\"wp-block-spacer\"><\/div>\n\n\n\n<div class=\"wp-block-uagb-separator uagb-block-debdc98f wp-block-uagb-separator--icon\"><div class=\"wp-block-uagb-separator__inner\" style=\"--my-background-image:\"><div class=\"wp-block-uagb-separator-element\"><svg xmlns=\"https:\/\/www.w3.org\/2000\/svg\" viewBox=\"0 0 576 512\"><path d=\"M568.3 192c-29 .125-135 6.124-213.9 82.1C321.2 304.7 301 338.3 288 369.9c-13-31.63-33.25-65.25-66.38-94.87C142.8 198.2 36.75 192.2 7.75 192C3.375 192 0 195.4 0 199.9c.25 27.88 7.125 126.2 88.75 199.3C172.8 481 256 479.1 288 479.1s115.2 1.025 199.3-80.85C568.9 326 575.8 227.7 576 199.9C576 195.4 572.6 192 568.3 192zM288 302.6c12.75-18.87 27.62-35.75 44.13-50.5c19-18.62 39.5-33.37 60.25-45.25c-16.5-70.5-51.75-133-96.75-172.3c-4.125-3.5-11-3.5-15.12 0c-45 39.25-80.25 101.6-96.75 172.1c20.37 11.75 40.5 26.12 59.25 44.37C260 266.4 275.1 283.7 288 302.6z\"><\/path><\/svg><\/div><\/div><\/div>\n\n\n\n<div style=\"height:50px\" aria-hidden=\"true\" class=\"wp-block-spacer\"><\/div>\n\n\n\n<p class=\"has-text-align-center has-text-color has-link-color has-large-font-size wp-elements-bc5a1ba43d9071406b23d55d3dafc6ad\" style=\"color:#04476e\"><strong><strong><strong><strong>LOCI\u00d3N T\u00d3NICO BIO MAR MENOR<\/strong><\/strong><\/strong><\/strong><\/p>\n\n\n\n<div style=\"height:15px\" aria-hidden=\"true\" class=\"wp-block-spacer\"><\/div>\n\n\n\n<p class=\"has-text-align-center has-text-color has-link-color has-medium-font-size wp-elements-ce806dd683d13f6832f92295b7bbf0f7\" style=\"color:#1f6c98\"><strong><strong><strong><strong>TONIC LOTION MAR MENOR<\/strong><\/strong><\/strong><\/strong><\/p>\n\n\n\n<div class=\"wp-block-columns are-vertically-aligned-center is-layout-flex wp-container-core-columns-is-layout-9d6595d7 wp-block-columns-is-layout-flex\">\n<div class=\"wp-block-column is-vertically-aligned-center is-layout-flow wp-block-column-is-layout-flow\">\n<div data-aos= \"zoom-in\" data-aos-duration=\"400\" data-aos-delay=\"0\" data-aos-easing=\"ease\" data-aos-once=\"true\" class=\"wp-block-uagb-image aligncenter uagb-block-ddad9330 wp-block-uagb-image--layout-default wp-block-uagb-image--effect-zoomin wp-block-uagb-image--align-center\"><figure class=\"wp-block-uagb-image__figure\"><img decoding=\"async\" srcset=\"https:\/\/salesdelmarmenor.es\/wp-content\/uploads\/2025\/07\/MMC_Mesa-de-trabajo-1-copia-10.png \" sizes=\"auto, (max-width: 480px) 150px\" src=\"https:\/\/salesdelmarmenor.es\/wp-content\/uploads\/2025\/07\/MMC_Mesa-de-trabajo-1-copia-10.png\" alt=\"\" class=\"uag-image-601\" width=\"491\" height=\"742\" title=\"\" loading=\"lazy\"\/><\/figure><\/div>\n\n\n\n<p class=\"has-text-align-left has-medium-font-size\">T\u00d3NICO CALMANTE ID\u00d3NEO PARA TENER UNA PIEL TERSA Y SUAVE, Y LIBRE DE IMPUREZAS<\/p>\n\n\n\n<div style=\"height:25px\" aria-hidden=\"true\" class=\"wp-block-spacer\"><\/div>\n\n\n\n<p class=\"has-text-align-left has-medium-font-size\">HIDRATA Y CALMA LA PIEL REFRESCA, EQUILIBRA Y REVITALIZA<\/p>\n\n\n\n<p class=\"has-text-align-left has-medium-font-size\"><\/p>\n\n\n\n<p class=\"has-text-align-left has-medium-font-size\"><\/p>\n\n\n\n<div style=\"height:25px\" aria-hidden=\"true\" class=\"wp-block-spacer\"><\/div>\n\n\n\n<p class=\"has-text-align-left has-text-color has-link-color has-medium-font-size wp-elements-a83a8370953494d180e94da871c8515a\" style=\"color:#0a669c\">T\u00f3nico facial que ofrece una combinaci\u00f3n de limpieza, hidrataci\u00f3n y revitalizaci\u00f3n en una f\u00f3rmula equilibrada.<br>Gracias a sus ingredientes exfoliantes suaves, antioxidantes y astringentes, ayuda a mejorar la textura de la piel, reducir el exceso de grasa y prepararla para recibir otros tratamientos.<br>Su contenido en extractos c\u00edtricos lo hace ideal para pieles mixtas y grasas, proporcionando frescura y luminosidad sin resecar.<\/p>\n\n\n\n<p class=\"has-text-align-left has-text-color has-link-color has-medium-font-size wp-elements-5ca02ba919a91fa0200d4165509ca647\" style=\"color:#0a669c\"><\/p>\n\n\n\n<p class=\"has-text-align-left has-text-color has-link-color has-medium-font-size wp-elements-ad0707fdacd0bf0b9bc9e7464e1302b7\" style=\"color:#aa6389\"><\/p>\n\n\n\n<p class=\"has-text-align-left has-text-color has-link-color has-medium-font-size wp-elements-ad0707fdacd0bf0b9bc9e7464e1302b7\" style=\"color:#aa6389\"><\/p>\n<\/div>\n\n\n\n<div class=\"wp-block-column is-vertically-aligned-center is-layout-flow wp-block-column-is-layout-flow\">\n<div style=\"height:19px\" aria-hidden=\"true\" class=\"wp-block-spacer\"><\/div>\n\n\n\n<p class=\"has-text-color has-medium-font-size\" style=\"color:#0a669c\">\u00bfQu\u00e9 es?<\/p>\n\n\n\n<p>Loci\u00f3n hidratante, calmante y antioxidante, con ingredientes como aloe vera, alga marina y alanto\u00edna, que ayudan a regenerar la piel y mantener su humedad. Su textura ligera la hace adecuada para el uso diario.<br>Id\u00f3neo para tener una piel tersa y suave, libre de impurezas, indicado para todo tipo de pieles.<br>Refresca, hidrata y cierra los poros, por lo que complementa perfectamente la limpieza y desmaquillado de la piel de tu rostro aportando una agradable sensaci\u00f3n de frescor y confort.<\/p>\n\n\n\n<div style=\"height:20px\" aria-hidden=\"true\" class=\"wp-block-spacer\"><\/div>\n\n\n\n<p class=\"has-text-color has-medium-font-size\" style=\"color:#0a669c\">Recomendado para&#8230;<\/p>\n\n\n\n<p>Todo tipo de pieles incluso las mas delicadas.<br>Como paso intermedio entre limpieza y tratamiento facial.<br>Para refrescar y revitalizar la piel en cualquier momento del d\u00eda. Ideal en rutinas de hidrataci\u00f3n, anti-age o relajaci\u00f3n.<br>Despu\u00e9s de tratamientos faciales o exfoliaciones para calmar la piel.<\/p>\n\n\n\n<div style=\"height:20px\" aria-hidden=\"true\" class=\"wp-block-spacer\"><\/div>\n\n\n\n<p class=\"has-text-color has-medium-font-size\" style=\"color:#0a669c\">Beneficios<\/p>\n\n\n\n<p>Relaja, calma y purifica la epidermis.<br>Hidrataci\u00f3n inmediata.<br>Efecto calmante y antiirritaci\u00f3n.<br>Acci\u00f3n detoxificante y remineralizante<br>Mejora la luminosidad y suavidad de la piel. Proporciona una sensaci\u00f3n de limpieza prolongada.<\/p>\n\n\n\n<div style=\"height:20px\" aria-hidden=\"true\" class=\"wp-block-spacer\"><\/div>\n\n\n\n<p class=\"has-text-color has-medium-font-size\" style=\"color:#0a669c\">\u00bfC\u00f3mo se utiliza?<\/p>\n\n\n\n<p>Aplicar con un disco de algod\u00f3n o con las manos limpias directamente sobre el rostro limpio y seco. Dar ligeros toques hasta su absorci\u00f3n.<br>Usar ma\u00f1ana y noche, antes del s\u00e9rum o crema hidratante. No enjuagar.<\/p>\n\n\n\n<div style=\"height:20px\" aria-hidden=\"true\" class=\"wp-block-spacer\"><\/div>\n\n\n\n<p class=\"has-text-color has-medium-font-size\" style=\"color:#0a669c\">Consejos<\/p>\n\n\n\n<p>Aplicar d\u00eda y noche con un algod\u00f3n bien empapado despu\u00e9s de la crema limpiadora, o para tonificar.<br>Secar con tis\u00fa despu\u00e9s de su aplicaci\u00f3n.<\/p>\n\n\n\n<div style=\"height:20px\" aria-hidden=\"true\" class=\"wp-block-spacer\"><\/div>\n\n\n\n<p class=\"has-text-color has-medium-font-size\" style=\"color:#0a669c\">Principios activos<\/p>\n\n\n\n<p>Aloe Vera, Extracto de algas marinas<\/p>\n<\/div>\n<\/div>\n","protected":false},"excerpt":{"rendered":"<p>LIMPIADORA DEMORSENSITIVA MAR MENOR DERMO-SENSITIVE CLEANSING MILK MAR MENOR LIMPIEZA SUAVE SIN RESECAR, HIDRATA Y PROTEGE LA PIEL, AYUDA A REDUCIR ROJECES, LIMPIA, HIDRATA, PROTEGE Y CALMA LA PIEL\u00a0. Limpiadora dermosensitiva hidratante, calmante y nutritiva, formulada para pieles secas y sensibles. Su mezcla de aceites, humectantes y activos calmantes deja la piel suave y confortable [&hellip;]<\/p>\n","protected":false},"author":1,"featured_media":0,"parent":0,"menu_order":0,"comment_status":"closed","ping_status":"closed","template":"","meta":{"_uag_custom_page_level_css":"","footnotes":""},"class_list":["post-663","page","type-page","status-publish","hentry"],"uagb_featured_image_src":{"full":false,"thumbnail":false,"medium":false,"medium_large":false,"large":false,"1536x1536":false,"2048x2048":false},"uagb_author_info":{"display_name":"admin","author_link":"https:\/\/salesdelmarmenor.es\/?author=1"},"uagb_comment_info":0,"uagb_excerpt":"LIMPIADORA DEMORSENSITIVA MAR MENOR DERMO-SENSITIVE CLEANSING MILK MAR MENOR LIMPIEZA SUAVE SIN RESECAR, HIDRATA Y PROTEGE LA PIEL, AYUDA A REDUCIR ROJECES, LIMPIA, HIDRATA, PROTEGE Y CALMA LA PIEL\u00a0. Limpiadora dermosensitiva hidratante, calmante y nutritiva, formulada para pieles secas y sensibles. Su mezcla de aceites, humectantes y activos calmantes deja la piel suave y confortable&hellip;","_links":{"self":[{"href":"https:\/\/salesdelmarmenor.es\/index.php?rest_route=\/wp\/v2\/pages\/663","targetHints":{"allow":["GET"]}}],"collection":[{"href":"https:\/\/salesdelmarmenor.es\/index.php?rest_route=\/wp\/v2\/pages"}],"about":[{"href":"https:\/\/salesdelmarmenor.es\/index.php?rest_route=\/wp\/v2\/types\/page"}],"author":[{"embeddable":true,"href":"https:\/\/salesdelmarmenor.es\/index.php?rest_route=\/wp\/v2\/users\/1"}],"replies":[{"embeddable":true,"href":"https:\/\/salesdelmarmenor.es\/index.php?rest_route=%2Fwp%2Fv2%2Fcomments&post=663"}],"version-history":[{"count":43,"href":"https:\/\/salesdelmarmenor.es\/index.php?rest_route=\/wp\/v2\/pages\/663\/revisions"}],"predecessor-version":[{"id":1143,"href":"https:\/\/salesdelmarmenor.es\/index.php?rest_route=\/wp\/v2\/pages\/663\/revisions\/1143"}],"wp:attachment":[{"href":"https:\/\/salesdelmarmenor.es\/index.php?rest_route=%2Fwp%2Fv2%2Fmedia&parent=663"}],"curies":[{"name":"wp","href":"https:\/\/api.w.org\/{rel}","templated":true}]}}